{"id":44560,"date":"2025-07-14T13:41:28","date_gmt":"2025-07-14T11:41:28","guid":{"rendered":"https:\/\/iddocente.com\/qualitat\/"},"modified":"2026-02-06T14:45:03","modified_gmt":"2026-02-06T13:45:03","slug":"qualitat","status":"publish","type":"page","link":"https:\/\/iddocente.com\/ca\/qualitat\/","title":{"rendered":"QUALITAT"},"content":{"rendered":"\t\t<div data-elementor-type=\"wp-page\" data-elementor-id=\"44560\" class=\"elementor elementor-44560 elementor-44269\" data-elementor-post-type=\"page\">\n\t\t\t\t<div data-dce-background-color=\"#4052A0\" data-dce-background-overlay-color=\"#293171\" data-dce-background-image-url=\"https:\/\/iddocente.com\/wp-content\/uploads\/2025\/07\/cabecera_calidad.jpg\" class=\"elementor-element elementor-element-4e1908b5 e-flex e-con-boxed e-con e-parent\" data-id=\"4e1908b5\" data-element_type=\"container\" data-e-type=\"container\" data-settings=\"{&quot;background_background&quot;:&quot;classic&quot;}\">\n\t\t\t\t\t<div class=\"e-con-inner\">\n\t\t\t\t\t<\/div>\n\t\t\t\t<\/div>\n\t\t<div class=\"elementor-element elementor-element-3e284ab3 e-flex e-con-boxed e-con e-parent\" data-id=\"3e284ab3\" data-element_type=\"container\" data-e-type=\"container\">\n\t\t\t\t\t<div class=\"e-con-inner\">\n\t\t\t\t<div data-dce-title-color=\"#293171\" class=\"elementor-element elementor-element-14027934 animated-slow elementor-widget elementor-widget-heading\" data-id=\"14027934\" data-element_type=\"widget\" data-e-type=\"widget\" data-settings=\"{&quot;_animation&quot;:&quot;none&quot;}\" data-widget_type=\"heading.default\">\n\t\t\t\t<div class=\"elementor-widget-container\">\n\t\t\t\t\t<h2 class=\"elementor-heading-title elementor-size-default\">Certificaci\u00f3 ISO 9001<\/h2>\t\t\t\t<\/div>\n\t\t\t\t<\/div>\n\t\t\t\t\t<\/div>\n\t\t\t\t<\/div>\n\t\t<div class=\"elementor-element elementor-element-720aea28 e-flex e-con-boxed e-con e-parent\" data-id=\"720aea28\" data-element_type=\"container\" data-e-type=\"container\">\n\t\t\t\t\t<div class=\"e-con-inner\">\n\t\t\t\t<div data-dce-title-color=\"#FBC02D\" class=\"elementor-element elementor-element-7f6448dc animated-slow elementor-widget elementor-widget-heading\" data-id=\"7f6448dc\" data-element_type=\"widget\" data-e-type=\"widget\" data-settings=\"{&quot;_animation&quot;:&quot;none&quot;}\" data-widget_type=\"heading.default\">\n\t\t\t\t<div class=\"elementor-widget-container\">\n\t\t\t\t\t<h2 class=\"elementor-heading-title elementor-size-default\">Comprom\u00eds real amb la millora cont\u00ednua<\/h2>\t\t\t\t<\/div>\n\t\t\t\t<\/div>\n\t\t\t\t\t<\/div>\n\t\t\t\t<\/div>\n\t\t\t\t<section class=\"elementor-section elementor-top-section elementor-element elementor-element-50299212 elementor-section-boxed elementor-section-height-default elementor-section-height-default\" data-id=\"50299212\" data-element_type=\"section\" data-e-type=\"section\">\n\t\t\t\t\t\t<div class=\"elementor-container elementor-column-gap-default\">\n\t\t\t\t\t<div class=\"elementor-column elementor-col-100 elementor-top-column elementor-element elementor-element-554ead8a\" data-id=\"554ead8a\" data-element_type=\"column\" data-e-type=\"column\">\n\t\t\t<div class=\"elementor-widget-wrap elementor-element-populated\">\n\t\t\t\t\t\t<div data-dce-text-color=\"#555555\" class=\"elementor-element elementor-element-1c0a43a1 elementor-widget elementor-widget-text-editor\" data-id=\"1c0a43a1\" data-element_type=\"widget\" data-e-type=\"widget\" data-widget_type=\"text-editor.default\">\n\t\t\t\t<div class=\"elementor-widget-container\">\n\t\t\t\t\t\t\t\t\t<p style=\"text-align: left;\">Des dels nostres inicis, hem apostat per una gesti\u00f3 organitzada, eficient i <mark>orientada a la millora cont\u00ednua<\/mark>, amb l&#8217;objectiu d&#8217;oferir una experi\u00e8ncia d&#8217;aprenentatge rigorosa, \u00fatil i alineada amb les necessitats reals de professionals, empreses i particulars.<\/p><p style=\"text-align: left;\">L&#8217;obtenci\u00f3 de la <mark>certificaci\u00f3 ISO 9001<\/mark> representa un pas ferm en aquesta direcci\u00f3, ja que acredita que els nostres processos estan sistematitzats, avaluats i enfocats a aconseguir alts nivells de satisfacci\u00f3. Aquesta distinci\u00f3 internacional \u00e9s per a nosaltres no sols un reconeixement, sin\u00f3 un comprom\u00eds permanent amb l&#8217;excel\u00b7l\u00e8ncia, la innovaci\u00f3 i la millora dels nostres serveis.<\/p>\t\t\t\t\t\t\t\t<\/div>\n\t\t\t\t<\/div>\n\t\t\t\t\t<\/div>\n\t\t<\/div>\n\t\t\t\t\t<\/div>\n\t\t<\/section>\n\t\t<div data-dce-background-color=\"#293171\" class=\"elementor-element elementor-element-57465a37 e-flex e-con-boxed e-con e-parent\" data-id=\"57465a37\" data-element_type=\"container\" data-e-type=\"container\" data-settings=\"{&quot;background_background&quot;:&quot;classic&quot;}\">\n\t\t\t\t\t<div class=\"e-con-inner\">\n\t\t<div class=\"elementor-element elementor-element-277e5e19 e-con-full e-flex e-con e-child\" data-id=\"277e5e19\" data-element_type=\"container\" data-e-type=\"container\">\n\t\t\t\t<div data-dce-text-color=\"#CFCFCF\" class=\"elementor-element elementor-element-65850cba elementor-widget elementor-widget-text-editor\" data-id=\"65850cba\" data-element_type=\"widget\" data-e-type=\"widget\" data-widget_type=\"text-editor.default\">\n\t\t\t\t<div class=\"elementor-widget-container\">\n\t\t\t\t\t\t\t\t\t<p><span style=\"color: #ffffff;\">La certificaci\u00f3 ISO 9001 garanteix que el nostre sistema de gesti\u00f3 de qualitat compleix amb est\u00e0ndards internacionals exigents, orientats a resultats i a la millora sostinguda.<\/span><\/p><p><span style=\"color: #ffffff;\">Aix\u00f2 implica que cada fase de la nostra activitat, des del disseny pedag\u00f2gic dels cursos fins a l&#8217;acompanyament tutorial, l&#8217;atenci\u00f3 a l&#8217;alumnat, l&#8217;avaluaci\u00f3 de l&#8217;experi\u00e8ncia formativa o la gesti\u00f3 administrativa, est\u00e0 sotmesa a procediments planificats, controlats i en cont\u00ednua revisi\u00f3.<\/span><\/p><p><span style=\"color: #ffffff;\">A m\u00e9s, la certificaci\u00f3 ISO 9001 fomenta un enfocament estrat\u00e8gic, basat en la identificaci\u00f3 de riscos, la presa de decisions fonamentada i la implicaci\u00f3 activa de tot l&#8217;equip. Aquesta estructura no sols assegura l&#8217;efici\u00e8ncia interna, sin\u00f3 que tamb\u00e9 ens permet respondre amb agilitat a les demandes de l&#8217;entorn educatiu, adaptar-nos a nous reptes i continuar innovant en la nostra oferta formativa.<\/span><\/p><p><span style=\"color: #ffffff;\">Gr\u00e0cies a aquest sistema, podem garantir a docents, centres educatius i professionals de l&#8217;educaci\u00f3 un servei de qualitat, de confian\u00e7a i alineat amb les millors pr\u00e0ctiques del sector.<\/span><\/p>\t\t\t\t\t\t\t\t<\/div>\n\t\t\t\t<\/div>\n\t\t\t\t<\/div>\n\t\t\t\t<div class=\"elementor-element elementor-element-24234d7d dce_masking-none elementor-widget elementor-widget-image\" data-id=\"24234d7d\" data-element_type=\"widget\" data-e-type=\"widget\" data-settings=\"{&quot;_animation&quot;:&quot;none&quot;}\" data-widget_type=\"image.default\">\n\t\t\t\t<div class=\"elementor-widget-container\">\n\t\t\t\t\t\t\t\t\t\t\t\t\t\t\t<img fetchpriority=\"high\" decoding=\"async\" width=\"540\" height=\"300\" src=\"https:\/\/iddocente.com\/wp-content\/uploads\/2025\/07\/Logo-ISO-transparente-blanco-540x300_V2.png\" class=\"attachment-large size-large wp-image-44332\" alt=\"\" srcset=\"https:\/\/iddocente.com\/wp-content\/uploads\/2025\/07\/Logo-ISO-transparente-blanco-540x300_V2.png 540w, https:\/\/iddocente.com\/wp-content\/uploads\/2025\/07\/Logo-ISO-transparente-blanco-540x300_V2-300x167.png 300w\" sizes=\"(max-width: 540px) 100vw, 540px\" \/>\t\t\t\t\t\t\t\t\t\t\t\t\t\t\t<\/div>\n\t\t\t\t<\/div>\n\t\t\t\t\t<\/div>\n\t\t\t\t<\/div>\n\t\t<div data-dce-background-color=\"#293171\" class=\"elementor-element elementor-element-33250f2a e-con-full e-flex e-con e-parent\" data-id=\"33250f2a\" data-element_type=\"container\" data-e-type=\"container\" data-settings=\"{&quot;background_background&quot;:&quot;classic&quot;}\">\n\t\t\t\t<div data-dce-title-color=\"#FFFFFF\" class=\"elementor-element elementor-element-4ce573e2 elementor-widget elementor-widget-heading\" data-id=\"4ce573e2\" data-element_type=\"widget\" data-e-type=\"widget\" data-widget_type=\"heading.default\">\n\t\t\t\t<div class=\"elementor-widget-container\">\n\t\t\t\t\t<h2 class=\"elementor-heading-title elementor-size-default\">Necessites formaci\u00f3 per a tu o per al teu centre?<\/h2>\t\t\t\t<\/div>\n\t\t\t\t<\/div>\n\t\t\t\t<div data-dce-background-color=\"#FBC02D\" class=\"elementor-element elementor-element-f845c42 elementor-align-center elementor-widget elementor-widget-button\" data-id=\"f845c42\" data-element_type=\"widget\" data-e-type=\"widget\" data-widget_type=\"button.default\">\n\t\t\t\t<div class=\"elementor-widget-container\">\n\t\t\t\t\t\t\t\t\t<div class=\"elementor-button-wrapper\">\n\t\t\t\t\t<a class=\"elementor-button elementor-button-link elementor-size-lg elementor-animation-grow\" href=\"https:\/\/iddocente.com\/ca\/contacte\/\">\n\t\t\t\t\t\t<span class=\"elementor-button-content-wrapper\">\n\t\t\t\t\t\t\t\t\t<span class=\"elementor-button-text\">contacte<\/span>\n\t\t\t\t\t<\/span>\n\t\t\t\t\t<\/a>\n\t\t\t\t<\/div>\n\t\t\t\t\t\t\t\t<\/div>\n\t\t\t\t<\/div>\n\t\t\t\t<\/div>\n\t\t\t\t<\/div>\n\t\t","protected":false},"excerpt":{"rendered":"<p>Certificaci\u00f3 ISO 9001 Comprom\u00eds real amb la millora cont\u00ednua Des dels nostres inicis, hem apostat per una gesti\u00f3 organitzada, eficient i orientada a la millora cont\u00ednua, amb l&#8217;objectiu d&#8217;oferir una experi\u00e8ncia d&#8217;aprenentatge rigorosa, \u00fatil i alineada amb les necessitats reals de professionals, empreses i particulars. L&#8217;obtenci\u00f3 de la certificaci\u00f3 ISO 9001 representa un pas ferm [&hellip;]<\/p>\n","protected":false},"author":2,"featured_media":0,"parent":0,"menu_order":0,"comment_status":"closed","ping_status":"closed","template":"elementor_header_footer","meta":{"_acf_changed":false,"footnotes":""},"class_list":["post-44560","page","type-page","status-publish","hentry"],"acf":[],"yoast_head":"<!-- This site is optimized with the Yoast SEO plugin v27.3 - https:\/\/yoast.com\/product\/yoast-seo-wordpress\/ -->\n<title>Qualitat: Certificaci\u00f3 ISO 9001 | idDOCENTE<\/title>\n<meta name=\"description\" content=\"idDOCENTE compta amb certificaci\u00f3 ISO 9001, garantint formaci\u00f3 online de qualitat, millora cont\u00ednua i comprom\u00eds amb docents i centres\" \/>\n<meta name=\"robots\" content=\"index, follow, max-snippet:-1, max-image-preview:large, max-video-preview:-1\" \/>\n<link rel=\"canonical\" href=\"https:\/\/iddocente.com\/ca\/qualitat\/\" \/>\n<meta property=\"og:locale\" content=\"ca_ES\" \/>\n<meta property=\"og:type\" content=\"article\" \/>\n<meta property=\"og:title\" content=\"Qualitat: Certificaci\u00f3 ISO 9001 | idDOCENTE\" \/>\n<meta property=\"og:description\" content=\"idDOCENTE compta amb certificaci\u00f3 ISO 9001, garantint formaci\u00f3 online de qualitat, millora cont\u00ednua i comprom\u00eds amb docents i centres\" \/>\n<meta property=\"og:url\" content=\"https:\/\/iddocente.com\/ca\/qualitat\/\" \/>\n<meta property=\"og:site_name\" content=\"idDOCENTE\" \/>\n<meta property=\"article:publisher\" content=\"https:\/\/www.facebook.com\/IDDInnovacionDesarrolloDocente\" \/>\n<meta property=\"article:modified_time\" content=\"2026-02-06T13:45:03+00:00\" \/>\n<meta property=\"og:image\" content=\"https:\/\/iddocente.com\/wp-content\/uploads\/2025\/07\/Logo-ISO-transparente-blanco-540x300_V2.png\" \/>\n\t<meta property=\"og:image:width\" content=\"540\" \/>\n\t<meta property=\"og:image:height\" content=\"300\" \/>\n\t<meta property=\"og:image:type\" content=\"image\/png\" \/>\n<meta name=\"twitter:card\" content=\"summary_large_image\" \/>\n<meta name=\"twitter:site\" content=\"@id_DOCENTE\" \/>\n<meta name=\"twitter:label1\" content=\"Temps estimat de lectura\" \/>\n\t<meta name=\"twitter:data1\" content=\"2 minuts\" \/>\n<script type=\"application\/ld+json\" class=\"yoast-schema-graph\">{\"@context\":\"https:\\\/\\\/schema.org\",\"@graph\":[{\"@type\":\"WebPage\",\"@id\":\"https:\\\/\\\/iddocente.com\\\/ca\\\/qualitat\\\/\",\"url\":\"https:\\\/\\\/iddocente.com\\\/ca\\\/qualitat\\\/\",\"name\":\"Qualitat: Certificaci\u00f3 ISO 9001 | idDOCENTE\",\"isPartOf\":{\"@id\":\"https:\\\/\\\/iddocente.com\\\/#website\"},\"primaryImageOfPage\":{\"@id\":\"https:\\\/\\\/iddocente.com\\\/ca\\\/qualitat\\\/#primaryimage\"},\"image\":{\"@id\":\"https:\\\/\\\/iddocente.com\\\/ca\\\/qualitat\\\/#primaryimage\"},\"thumbnailUrl\":\"https:\\\/\\\/iddocente.com\\\/wp-content\\\/uploads\\\/2025\\\/07\\\/Logo-ISO-transparente-blanco-540x300_V2.png\",\"datePublished\":\"2025-07-14T11:41:28+00:00\",\"dateModified\":\"2026-02-06T13:45:03+00:00\",\"description\":\"idDOCENTE compta amb certificaci\u00f3 ISO 9001, garantint formaci\u00f3 online de qualitat, millora cont\u00ednua i comprom\u00eds amb docents i centres\",\"breadcrumb\":{\"@id\":\"https:\\\/\\\/iddocente.com\\\/ca\\\/qualitat\\\/#breadcrumb\"},\"inLanguage\":\"ca\",\"potentialAction\":[{\"@type\":\"ReadAction\",\"target\":[\"https:\\\/\\\/iddocente.com\\\/ca\\\/qualitat\\\/\"]}]},{\"@type\":\"ImageObject\",\"inLanguage\":\"ca\",\"@id\":\"https:\\\/\\\/iddocente.com\\\/ca\\\/qualitat\\\/#primaryimage\",\"url\":\"https:\\\/\\\/iddocente.com\\\/wp-content\\\/uploads\\\/2025\\\/07\\\/Logo-ISO-transparente-blanco-540x300_V2.png\",\"contentUrl\":\"https:\\\/\\\/iddocente.com\\\/wp-content\\\/uploads\\\/2025\\\/07\\\/Logo-ISO-transparente-blanco-540x300_V2.png\"},{\"@type\":\"BreadcrumbList\",\"@id\":\"https:\\\/\\\/iddocente.com\\\/ca\\\/qualitat\\\/#breadcrumb\",\"itemListElement\":[{\"@type\":\"ListItem\",\"position\":1,\"name\":\"Portada\",\"item\":\"https:\\\/\\\/iddocente.com\\\/ca\\\/\"},{\"@type\":\"ListItem\",\"position\":2,\"name\":\"QUALITAT\"}]},{\"@type\":\"WebSite\",\"@id\":\"https:\\\/\\\/iddocente.com\\\/#website\",\"url\":\"https:\\\/\\\/iddocente.com\\\/\",\"name\":\"idDOCENTE\",\"description\":\"Formaci\u00f3n online para docentes y centros educativos\",\"publisher\":{\"@id\":\"https:\\\/\\\/iddocente.com\\\/#organization\"},\"potentialAction\":[{\"@type\":\"SearchAction\",\"target\":{\"@type\":\"EntryPoint\",\"urlTemplate\":\"https:\\\/\\\/iddocente.com\\\/?s={search_term_string}\"},\"query-input\":{\"@type\":\"PropertyValueSpecification\",\"valueRequired\":true,\"valueName\":\"search_term_string\"}}],\"inLanguage\":\"ca\"},{\"@type\":\"Organization\",\"@id\":\"https:\\\/\\\/iddocente.com\\\/#organization\",\"name\":\"idDOCENTE\",\"url\":\"https:\\\/\\\/iddocente.com\\\/\",\"logo\":{\"@type\":\"ImageObject\",\"inLanguage\":\"ca\",\"@id\":\"https:\\\/\\\/iddocente.com\\\/#\\\/schema\\\/logo\\\/image\\\/\",\"url\":\"https:\\\/\\\/iddocente.com\\\/wp-content\\\/uploads\\\/2017\\\/01\\\/logo-colored-295x109.png\",\"contentUrl\":\"https:\\\/\\\/iddocente.com\\\/wp-content\\\/uploads\\\/2017\\\/01\\\/logo-colored-295x109.png\",\"width\":298,\"height\":110,\"caption\":\"idDOCENTE\"},\"image\":{\"@id\":\"https:\\\/\\\/iddocente.com\\\/#\\\/schema\\\/logo\\\/image\\\/\"},\"sameAs\":[\"https:\\\/\\\/www.facebook.com\\\/IDDInnovacionDesarrolloDocente\",\"https:\\\/\\\/x.com\\\/id_DOCENTE\",\"https:\\\/\\\/www.instagram.com\\\/iddocente\\\/\",\"https:\\\/\\\/www.linkedin.com\\\/company\\\/iddocente\\\/\"]}]}<\/script>\n<!-- \/ Yoast SEO plugin. -->","yoast_head_json":{"title":"Qualitat: Certificaci\u00f3 ISO 9001 | idDOCENTE","description":"idDOCENTE compta amb certificaci\u00f3 ISO 9001, garantint formaci\u00f3 online de qualitat, millora cont\u00ednua i comprom\u00eds amb docents i centres","robots":{"index":"index","follow":"follow","max-snippet":"max-snippet:-1","max-image-preview":"max-image-preview:large","max-video-preview":"max-video-preview:-1"},"canonical":"https:\/\/iddocente.com\/ca\/qualitat\/","og_locale":"ca_ES","og_type":"article","og_title":"Qualitat: Certificaci\u00f3 ISO 9001 | idDOCENTE","og_description":"idDOCENTE compta amb certificaci\u00f3 ISO 9001, garantint formaci\u00f3 online de qualitat, millora cont\u00ednua i comprom\u00eds amb docents i centres","og_url":"https:\/\/iddocente.com\/ca\/qualitat\/","og_site_name":"idDOCENTE","article_publisher":"https:\/\/www.facebook.com\/IDDInnovacionDesarrolloDocente","article_modified_time":"2026-02-06T13:45:03+00:00","og_image":[{"width":540,"height":300,"url":"https:\/\/iddocente.com\/wp-content\/uploads\/2025\/07\/Logo-ISO-transparente-blanco-540x300_V2.png","type":"image\/png"}],"twitter_card":"summary_large_image","twitter_site":"@id_DOCENTE","twitter_misc":{"Temps estimat de lectura":"2 minuts"},"schema":{"@context":"https:\/\/schema.org","@graph":[{"@type":"WebPage","@id":"https:\/\/iddocente.com\/ca\/qualitat\/","url":"https:\/\/iddocente.com\/ca\/qualitat\/","name":"Qualitat: Certificaci\u00f3 ISO 9001 | idDOCENTE","isPartOf":{"@id":"https:\/\/iddocente.com\/#website"},"primaryImageOfPage":{"@id":"https:\/\/iddocente.com\/ca\/qualitat\/#primaryimage"},"image":{"@id":"https:\/\/iddocente.com\/ca\/qualitat\/#primaryimage"},"thumbnailUrl":"https:\/\/iddocente.com\/wp-content\/uploads\/2025\/07\/Logo-ISO-transparente-blanco-540x300_V2.png","datePublished":"2025-07-14T11:41:28+00:00","dateModified":"2026-02-06T13:45:03+00:00","description":"idDOCENTE compta amb certificaci\u00f3 ISO 9001, garantint formaci\u00f3 online de qualitat, millora cont\u00ednua i comprom\u00eds amb docents i centres","breadcrumb":{"@id":"https:\/\/iddocente.com\/ca\/qualitat\/#breadcrumb"},"inLanguage":"ca","potentialAction":[{"@type":"ReadAction","target":["https:\/\/iddocente.com\/ca\/qualitat\/"]}]},{"@type":"ImageObject","inLanguage":"ca","@id":"https:\/\/iddocente.com\/ca\/qualitat\/#primaryimage","url":"https:\/\/iddocente.com\/wp-content\/uploads\/2025\/07\/Logo-ISO-transparente-blanco-540x300_V2.png","contentUrl":"https:\/\/iddocente.com\/wp-content\/uploads\/2025\/07\/Logo-ISO-transparente-blanco-540x300_V2.png"},{"@type":"BreadcrumbList","@id":"https:\/\/iddocente.com\/ca\/qualitat\/#breadcrumb","itemListElement":[{"@type":"ListItem","position":1,"name":"Portada","item":"https:\/\/iddocente.com\/ca\/"},{"@type":"ListItem","position":2,"name":"QUALITAT"}]},{"@type":"WebSite","@id":"https:\/\/iddocente.com\/#website","url":"https:\/\/iddocente.com\/","name":"idDOCENTE","description":"Formaci\u00f3n online para docentes y centros educativos","publisher":{"@id":"https:\/\/iddocente.com\/#organization"},"potentialAction":[{"@type":"SearchAction","target":{"@type":"EntryPoint","urlTemplate":"https:\/\/iddocente.com\/?s={search_term_string}"},"query-input":{"@type":"PropertyValueSpecification","valueRequired":true,"valueName":"search_term_string"}}],"inLanguage":"ca"},{"@type":"Organization","@id":"https:\/\/iddocente.com\/#organization","name":"idDOCENTE","url":"https:\/\/iddocente.com\/","logo":{"@type":"ImageObject","inLanguage":"ca","@id":"https:\/\/iddocente.com\/#\/schema\/logo\/image\/","url":"https:\/\/iddocente.com\/wp-content\/uploads\/2017\/01\/logo-colored-295x109.png","contentUrl":"https:\/\/iddocente.com\/wp-content\/uploads\/2017\/01\/logo-colored-295x109.png","width":298,"height":110,"caption":"idDOCENTE"},"image":{"@id":"https:\/\/iddocente.com\/#\/schema\/logo\/image\/"},"sameAs":["https:\/\/www.facebook.com\/IDDInnovacionDesarrolloDocente","https:\/\/x.com\/id_DOCENTE","https:\/\/www.instagram.com\/iddocente\/","https:\/\/www.linkedin.com\/company\/iddocente\/"]}]}},"_links":{"self":[{"href":"https:\/\/iddocente.com\/ca\/wp-json\/wp\/v2\/pages\/44560","targetHints":{"allow":["GET"]}}],"collection":[{"href":"https:\/\/iddocente.com\/ca\/wp-json\/wp\/v2\/pages"}],"about":[{"href":"https:\/\/iddocente.com\/ca\/wp-json\/wp\/v2\/types\/page"}],"author":[{"embeddable":true,"href":"https:\/\/iddocente.com\/ca\/wp-json\/wp\/v2\/users\/2"}],"replies":[{"embeddable":true,"href":"https:\/\/iddocente.com\/ca\/wp-json\/wp\/v2\/comments?post=44560"}],"version-history":[{"count":10,"href":"https:\/\/iddocente.com\/ca\/wp-json\/wp\/v2\/pages\/44560\/revisions"}],"predecessor-version":[{"id":49923,"href":"https:\/\/iddocente.com\/ca\/wp-json\/wp\/v2\/pages\/44560\/revisions\/49923"}],"wp:attachment":[{"href":"https:\/\/iddocente.com\/ca\/wp-json\/wp\/v2\/media?parent=44560"}],"curies":[{"name":"wp","href":"https:\/\/api.w.org\/{rel}","templated":true}]}}