{"id":44049,"date":"2025-07-08T10:06:14","date_gmt":"2025-07-08T08:06:14","guid":{"rendered":"https:\/\/iddocente.com\/canal-de-suggeriments\/"},"modified":"2025-07-08T16:40:44","modified_gmt":"2025-07-08T14:40:44","slug":"canal-de-suggeriments","status":"publish","type":"page","link":"https:\/\/iddocente.com\/ca\/canal-de-suggeriments\/","title":{"rendered":"CANAL DE SUGGERIMENTS"},"content":{"rendered":"\t\t<div data-elementor-type=\"wp-page\" data-elementor-id=\"44049\" class=\"elementor elementor-44049 elementor-43986\" data-elementor-post-type=\"page\">\n\t\t\t\t\t\t<section class=\"elementor-section elementor-top-section elementor-element elementor-element-aca506a elementor-section-boxed elementor-section-height-default elementor-section-height-default\" data-id=\"aca506a\" data-element_type=\"section\" data-e-type=\"section\">\n\t\t\t\t\t\t<div class=\"elementor-container elementor-column-gap-default\">\n\t\t\t\t\t<div class=\"elementor-column elementor-col-100 elementor-top-column elementor-element elementor-element-7ff2528\" data-id=\"7ff2528\" data-element_type=\"column\" data-e-type=\"column\">\n\t\t\t<div class=\"elementor-widget-wrap elementor-element-populated\">\n\t\t\t\t\t\t<div data-dce-text-color=\"#555555\" class=\"elementor-element elementor-element-4c6ef2f9 elementor-widget elementor-widget-text-editor\" data-id=\"4c6ef2f9\" data-element_type=\"widget\" data-e-type=\"widget\" data-widget_type=\"text-editor.default\">\n\t\t\t\t<div class=\"elementor-widget-container\">\n\t\t\t\t\t\t\t\t\t<p style=\"text-align: left;\"><span style=\"color: #293171;\"><strong>Canal de suggeriments, queixes i reclamacions<\/strong><\/span><\/p><p style=\"text-align: left;\">La teva opini\u00f3 \u00e9s molt important per a nosaltres i ens ajuda a millorar dia a dia. En el nostre comprom\u00eds amb la millora cont\u00ednua i l&#8217;atenci\u00f3 de qualitat, posem a la teva disposici\u00f3 aquest canal on podr\u00e0s enviar els teus suggeriments, queixes o reclamacions de manera senzilla.\u00a0<\/p><p style=\"text-align: left;\">Pots utilitzar aquest espai per:<\/p><ul><li style=\"text-align: left;\">Fer un suggeriment sobre els nostres cursos, serveis o continguts.<\/li><li style=\"text-align: left;\">Presentar una queixa sobre alguna situaci\u00f3 concreta.<\/li><li style=\"text-align: left;\">Formalitzar una reclamaci\u00f3 que desitgis que analitzem.<\/li><\/ul><p>\u00a0<\/p><p style=\"text-align: left;\">Pots emplenar aquest formulari de manera an\u00f2nima si aix\u00ed ho desitges, sense necessitat d&#8217;aportar les teves dades personals.<\/p><p style=\"text-align: left;\">Atendrem cada missatge amb serietat, respecte i confidencialitat.<\/p>\t\t\t\t\t\t\t\t<\/div>\n\t\t\t\t<\/div>\n\t\t\t\t\t<\/div>\n\t\t<\/div>\n\t\t\t\t\t<\/div>\n\t\t<\/section>\n\t\t<div class=\"elementor-element elementor-element-5080947 e-flex e-con-boxed e-con e-parent\" data-id=\"5080947\" data-element_type=\"container\" data-e-type=\"container\">\n\t\t\t\t\t<div class=\"e-con-inner\">\n\t\t\t\t<div class=\"elementor-element elementor-element-5c67c77 elementor-widget elementor-widget-shortcode\" data-id=\"5c67c77\" data-element_type=\"widget\" data-e-type=\"widget\" data-widget_type=\"shortcode.default\">\n\t\t\t\t<div class=\"elementor-widget-container\">\n\t\t\t\t\t\t\t<div class=\"elementor-shortcode\">\n<div class=\"wpcf7 no-js\" id=\"wpcf7-f44054-o1\" lang=\"es-ES\" dir=\"ltr\" data-wpcf7-id=\"44054\">\n<div class=\"screen-reader-response\"><p role=\"status\" aria-live=\"polite\" aria-atomic=\"true\"><\/p> <ul><\/ul><\/div>\n<form action=\"\/ca\/wp-json\/wp\/v2\/pages\/44049#wpcf7-f44054-o1\" method=\"post\" class=\"wpcf7-form init wpcf7-acceptance-as-validation\" aria-label=\"Formulario de contacto\" novalidate=\"novalidate\" data-status=\"init\">\n<fieldset class=\"hidden-fields-container\"><input type=\"hidden\" name=\"_wpcf7\" value=\"44054\" \/><input type=\"hidden\" name=\"_wpcf7_version\" value=\"6.1.5\" \/><input type=\"hidden\" name=\"_wpcf7_locale\" value=\"es_ES\" \/><input type=\"hidden\" name=\"_wpcf7_unit_tag\" value=\"wpcf7-f44054-o1\" \/><input type=\"hidden\" name=\"_wpcf7_container_post\" value=\"0\" \/><input type=\"hidden\" name=\"_wpcf7_posted_data_hash\" value=\"\" \/><input type=\"hidden\" name=\"_wpcf7dtx_version\" value=\"5.0.5\" \/><input type=\"hidden\" name=\"_wpcf7_recaptcha_response\" value=\"\" \/>\n<\/fieldset>\n<p><label>Tipus de sol\u00b7licitud:<br \/>\n<span class=\"wpcf7-form-control-wrap\" data-name=\"select-880\"><select class=\"wpcf7-form-control wpcf7-select\" aria-invalid=\"false\" name=\"select-880\"><option value=\"Suggeriment\">Suggeriment<\/option><option value=\"Queixa\">Queixa<\/option><option value=\"Reclamaci\u00f3\">Reclamaci\u00f3<\/option><\/select><\/span><br \/>\n<\/label>\n<\/p>\n<p><label> Nom<br \/>\n<span class=\"wpcf7-form-control-wrap\" data-name=\"nombre\"><input size=\"40\" maxlength=\"400\" class=\"wpcf7-form-control wpcf7-text\" aria-invalid=\"false\" value=\"\" type=\"text\" name=\"nombre\" \/><\/span> <\/label>\n<\/p>\n<p><label> Correu electr\u00f2nic<br \/>\n<span class=\"wpcf7-form-control-wrap\" data-name=\"email\"><input size=\"40\" maxlength=\"400\" class=\"wpcf7-form-control wpcf7-email wpcf7-text wpcf7-validates-as-email\" aria-invalid=\"false\" value=\"\" type=\"email\" name=\"email\" \/><\/span> <\/label>\n<\/p>\n<p><label> Tel\u00e8fon<br \/>\n<span class=\"wpcf7-form-control-wrap\" data-name=\"telefono\"><input size=\"40\" maxlength=\"400\" class=\"wpcf7-form-control wpcf7-tel wpcf7-text wpcf7-validates-as-tel\" aria-invalid=\"false\" value=\"\" type=\"tel\" name=\"telefono\" \/><\/span> <\/label>\n<\/p>\n<p><label> Missatge<br \/>\n<span class=\"wpcf7-form-control-wrap\" data-name=\"mensaje\"><textarea cols=\"40\" rows=\"10\" maxlength=\"2000\" class=\"wpcf7-form-control wpcf7-textarea\" aria-invalid=\"false\" name=\"mensaje\"><\/textarea><\/span> <\/label>\n<\/p>\n<p><label><span class=\"wpcf7-form-control-wrap\" data-name=\"acceptance-65\"><span class=\"wpcf7-form-control wpcf7-acceptance\"><span class=\"wpcf7-list-item\"><input type=\"checkbox\" name=\"acceptance-65\" value=\"1\" aria-invalid=\"false\" \/><\/span><\/span><\/span> He llegit i accepto la <a href=\"\/ca\/politica-de-privadesa\">pol\u00edtica de privadesa<\/a><\/label>\n<\/p>\n\n<p><input class=\"wpcf7-form-control wpcf7-submit has-spinner\" type=\"submit\" value=\"Enviar\" \/>\n<\/p>\n<p><label> RESPONSABLE DE LES DADES: Innovaci\u00f3n y Desarrollo Docente, S.L. FINALITAT: gesti\u00f3 de l'enviament de la informaci\u00f3 sol\u00b7licitada, aix\u00ed com comunicacions de l'empresa i del sector educatiu. LEGITIMACI\u00d3: consentiment de l'interessat. DESTINATARIS: les dades no es cediran a cap tercer, excepte obligaci\u00f3 legal. DRETS: tens dret a accedir, rectificar i suprimir les dades, portabilitat de les dades, limitaci\u00f3 o oposici\u00f3 al seu tractament. INFORMACI\u00d3 ADDICIONAL: pots consultar la informaci\u00f3 addicional i detallada sobre Protecci\u00f3 de Dades en l'enlla\u00e7 al peu d'aquesta p\u00e0gina.<\/label>\n<\/p>\n<p><input name=\"utm_source\" type=\"hidden\" value=\"\" \/><br \/>\n<input name=\"utm_medium\" type=\"hidden\" value=\"\" \/><br \/>\n<input name=\"utm_campaign\" type=\"hidden\" value=\"\" \/><br \/>\n<input name=\"utm_term\" type=\"hidden\" value=\"\" \/><br \/>\n<input name=\"utm_content\" type=\"hidden\" value=\"\" \/>\n<\/p><div class=\"wpcf7-response-output\" aria-hidden=\"true\"><\/div>\n<\/form>\n<\/div>\n<\/div>\n\t\t\t\t\t\t<\/div>\n\t\t\t\t<\/div>\n\t\t\t\t\t<\/div>\n\t\t\t\t<\/div>\n\t\t\t\t<\/div>\n\t\t","protected":false},"excerpt":{"rendered":"<p>Canal de suggeriments, queixes i reclamacions La teva opini\u00f3 \u00e9s molt important per a nosaltres i ens ajuda a millorar dia a dia. En el nostre comprom\u00eds amb la millora cont\u00ednua i l&#8217;atenci\u00f3 de qualitat, posem a la teva disposici\u00f3 aquest canal on podr\u00e0s enviar els teus suggeriments, queixes o reclamacions de manera senzilla.\u00a0 Pots [&hellip;]<\/p>\n","protected":false},"author":2,"featured_media":0,"parent":0,"menu_order":0,"comment_status":"closed","ping_status":"closed","template":"","meta":{"_acf_changed":false,"footnotes":""},"class_list":["post-44049","page","type-page","status-publish","hentry"],"acf":[],"yoast_head":"<!-- This site is optimized with the Yoast SEO plugin v27.3 - https:\/\/yoast.com\/product\/yoast-seo-wordpress\/ -->\n<title>Canal de suggeriments, queixes i reclamacions | idDOCENTE<\/title>\n<meta name=\"description\" content=\"Envia els teus suggeriments, queixes o reclamacions. Escoltem la teva opini\u00f3 per a millorar els nostres cursos i serveis. Resposta r\u00e0pida i confidencial\" \/>\n<meta name=\"robots\" content=\"index, follow, max-snippet:-1, max-image-preview:large, max-video-preview:-1\" \/>\n<link rel=\"canonical\" href=\"https:\/\/iddocente.com\/canal-de-sugerencias\/\" \/>\n<meta property=\"og:locale\" content=\"ca_ES\" \/>\n<meta property=\"og:type\" content=\"article\" \/>\n<meta property=\"og:title\" content=\"Canal de suggeriments, queixes i reclamacions | idDOCENTE\" \/>\n<meta property=\"og:description\" content=\"Envia els teus suggeriments, queixes o reclamacions. Escoltem la teva opini\u00f3 per a millorar els nostres cursos i serveis. Resposta r\u00e0pida i confidencial\" \/>\n<meta property=\"og:url\" content=\"https:\/\/iddocente.com\/canal-de-sugerencias\/\" \/>\n<meta property=\"og:site_name\" content=\"idDOCENTE\" \/>\n<meta property=\"article:publisher\" content=\"https:\/\/www.facebook.com\/IDDInnovacionDesarrolloDocente\" \/>\n<meta property=\"article:modified_time\" content=\"2025-07-08T14:40:44+00:00\" \/>\n<meta name=\"twitter:card\" content=\"summary_large_image\" \/>\n<meta name=\"twitter:site\" content=\"@id_DOCENTE\" \/>\n<meta name=\"twitter:label1\" content=\"Temps estimat de lectura\" \/>\n\t<meta name=\"twitter:data1\" content=\"1 minut\" \/>\n<script type=\"application\/ld+json\" class=\"yoast-schema-graph\">{\"@context\":\"https:\\\/\\\/schema.org\",\"@graph\":[{\"@type\":\"WebPage\",\"@id\":\"https:\\\/\\\/iddocente.com\\\/canal-de-sugerencias\\\/\",\"url\":\"https:\\\/\\\/iddocente.com\\\/canal-de-sugerencias\\\/\",\"name\":\"Canal de suggeriments, queixes i reclamacions | idDOCENTE\",\"isPartOf\":{\"@id\":\"https:\\\/\\\/iddocente.com\\\/#website\"},\"datePublished\":\"2025-07-08T08:06:14+00:00\",\"dateModified\":\"2025-07-08T14:40:44+00:00\",\"description\":\"Envia els teus suggeriments, queixes o reclamacions. Escoltem la teva opini\u00f3 per a millorar els nostres cursos i serveis. Resposta r\u00e0pida i confidencial\",\"breadcrumb\":{\"@id\":\"https:\\\/\\\/iddocente.com\\\/canal-de-sugerencias\\\/#breadcrumb\"},\"inLanguage\":\"ca\",\"potentialAction\":[{\"@type\":\"ReadAction\",\"target\":[\"https:\\\/\\\/iddocente.com\\\/canal-de-sugerencias\\\/\"]}]},{\"@type\":\"BreadcrumbList\",\"@id\":\"https:\\\/\\\/iddocente.com\\\/canal-de-sugerencias\\\/#breadcrumb\",\"itemListElement\":[{\"@type\":\"ListItem\",\"position\":1,\"name\":\"Portada\",\"item\":\"https:\\\/\\\/iddocente.com\\\/ca\\\/\"},{\"@type\":\"ListItem\",\"position\":2,\"name\":\"CANAL DE SUGGERIMENTS\"}]},{\"@type\":\"WebSite\",\"@id\":\"https:\\\/\\\/iddocente.com\\\/#website\",\"url\":\"https:\\\/\\\/iddocente.com\\\/\",\"name\":\"idDOCENTE\",\"description\":\"Formaci\u00f3n online para docentes y centros educativos\",\"publisher\":{\"@id\":\"https:\\\/\\\/iddocente.com\\\/#organization\"},\"potentialAction\":[{\"@type\":\"SearchAction\",\"target\":{\"@type\":\"EntryPoint\",\"urlTemplate\":\"https:\\\/\\\/iddocente.com\\\/?s={search_term_string}\"},\"query-input\":{\"@type\":\"PropertyValueSpecification\",\"valueRequired\":true,\"valueName\":\"search_term_string\"}}],\"inLanguage\":\"ca\"},{\"@type\":\"Organization\",\"@id\":\"https:\\\/\\\/iddocente.com\\\/#organization\",\"name\":\"idDOCENTE\",\"url\":\"https:\\\/\\\/iddocente.com\\\/\",\"logo\":{\"@type\":\"ImageObject\",\"inLanguage\":\"ca\",\"@id\":\"https:\\\/\\\/iddocente.com\\\/#\\\/schema\\\/logo\\\/image\\\/\",\"url\":\"https:\\\/\\\/iddocente.com\\\/wp-content\\\/uploads\\\/2017\\\/01\\\/logo-colored-295x109.png\",\"contentUrl\":\"https:\\\/\\\/iddocente.com\\\/wp-content\\\/uploads\\\/2017\\\/01\\\/logo-colored-295x109.png\",\"width\":298,\"height\":110,\"caption\":\"idDOCENTE\"},\"image\":{\"@id\":\"https:\\\/\\\/iddocente.com\\\/#\\\/schema\\\/logo\\\/image\\\/\"},\"sameAs\":[\"https:\\\/\\\/www.facebook.com\\\/IDDInnovacionDesarrolloDocente\",\"https:\\\/\\\/x.com\\\/id_DOCENTE\",\"https:\\\/\\\/www.instagram.com\\\/iddocente\\\/\",\"https:\\\/\\\/www.linkedin.com\\\/company\\\/iddocente\\\/\"]}]}<\/script>\n<!-- \/ Yoast SEO plugin. -->","yoast_head_json":{"title":"Canal de suggeriments, queixes i reclamacions | idDOCENTE","description":"Envia els teus suggeriments, queixes o reclamacions. Escoltem la teva opini\u00f3 per a millorar els nostres cursos i serveis. Resposta r\u00e0pida i confidencial","robots":{"index":"index","follow":"follow","max-snippet":"max-snippet:-1","max-image-preview":"max-image-preview:large","max-video-preview":"max-video-preview:-1"},"canonical":"https:\/\/iddocente.com\/canal-de-sugerencias\/","og_locale":"ca_ES","og_type":"article","og_title":"Canal de suggeriments, queixes i reclamacions | idDOCENTE","og_description":"Envia els teus suggeriments, queixes o reclamacions. Escoltem la teva opini\u00f3 per a millorar els nostres cursos i serveis. Resposta r\u00e0pida i confidencial","og_url":"https:\/\/iddocente.com\/canal-de-sugerencias\/","og_site_name":"idDOCENTE","article_publisher":"https:\/\/www.facebook.com\/IDDInnovacionDesarrolloDocente","article_modified_time":"2025-07-08T14:40:44+00:00","twitter_card":"summary_large_image","twitter_site":"@id_DOCENTE","twitter_misc":{"Temps estimat de lectura":"1 minut"},"schema":{"@context":"https:\/\/schema.org","@graph":[{"@type":"WebPage","@id":"https:\/\/iddocente.com\/canal-de-sugerencias\/","url":"https:\/\/iddocente.com\/canal-de-sugerencias\/","name":"Canal de suggeriments, queixes i reclamacions | idDOCENTE","isPartOf":{"@id":"https:\/\/iddocente.com\/#website"},"datePublished":"2025-07-08T08:06:14+00:00","dateModified":"2025-07-08T14:40:44+00:00","description":"Envia els teus suggeriments, queixes o reclamacions. Escoltem la teva opini\u00f3 per a millorar els nostres cursos i serveis. Resposta r\u00e0pida i confidencial","breadcrumb":{"@id":"https:\/\/iddocente.com\/canal-de-sugerencias\/#breadcrumb"},"inLanguage":"ca","potentialAction":[{"@type":"ReadAction","target":["https:\/\/iddocente.com\/canal-de-sugerencias\/"]}]},{"@type":"BreadcrumbList","@id":"https:\/\/iddocente.com\/canal-de-sugerencias\/#breadcrumb","itemListElement":[{"@type":"ListItem","position":1,"name":"Portada","item":"https:\/\/iddocente.com\/ca\/"},{"@type":"ListItem","position":2,"name":"CANAL DE SUGGERIMENTS"}]},{"@type":"WebSite","@id":"https:\/\/iddocente.com\/#website","url":"https:\/\/iddocente.com\/","name":"idDOCENTE","description":"Formaci\u00f3n online para docentes y centros educativos","publisher":{"@id":"https:\/\/iddocente.com\/#organization"},"potentialAction":[{"@type":"SearchAction","target":{"@type":"EntryPoint","urlTemplate":"https:\/\/iddocente.com\/?s={search_term_string}"},"query-input":{"@type":"PropertyValueSpecification","valueRequired":true,"valueName":"search_term_string"}}],"inLanguage":"ca"},{"@type":"Organization","@id":"https:\/\/iddocente.com\/#organization","name":"idDOCENTE","url":"https:\/\/iddocente.com\/","logo":{"@type":"ImageObject","inLanguage":"ca","@id":"https:\/\/iddocente.com\/#\/schema\/logo\/image\/","url":"https:\/\/iddocente.com\/wp-content\/uploads\/2017\/01\/logo-colored-295x109.png","contentUrl":"https:\/\/iddocente.com\/wp-content\/uploads\/2017\/01\/logo-colored-295x109.png","width":298,"height":110,"caption":"idDOCENTE"},"image":{"@id":"https:\/\/iddocente.com\/#\/schema\/logo\/image\/"},"sameAs":["https:\/\/www.facebook.com\/IDDInnovacionDesarrolloDocente","https:\/\/x.com\/id_DOCENTE","https:\/\/www.instagram.com\/iddocente\/","https:\/\/www.linkedin.com\/company\/iddocente\/"]}]}},"_links":{"self":[{"href":"https:\/\/iddocente.com\/ca\/wp-json\/wp\/v2\/pages\/44049","targetHints":{"allow":["GET"]}}],"collection":[{"href":"https:\/\/iddocente.com\/ca\/wp-json\/wp\/v2\/pages"}],"about":[{"href":"https:\/\/iddocente.com\/ca\/wp-json\/wp\/v2\/types\/page"}],"author":[{"embeddable":true,"href":"https:\/\/iddocente.com\/ca\/wp-json\/wp\/v2\/users\/2"}],"replies":[{"embeddable":true,"href":"https:\/\/iddocente.com\/ca\/wp-json\/wp\/v2\/comments?post=44049"}],"version-history":[{"count":7,"href":"https:\/\/iddocente.com\/ca\/wp-json\/wp\/v2\/pages\/44049\/revisions"}],"predecessor-version":[{"id":44058,"href":"https:\/\/iddocente.com\/ca\/wp-json\/wp\/v2\/pages\/44049\/revisions\/44058"}],"wp:attachment":[{"href":"https:\/\/iddocente.com\/ca\/wp-json\/wp\/v2\/media?parent=44049"}],"curies":[{"name":"wp","href":"https:\/\/api.w.org\/{rel}","templated":true}]}}