{"id":43761,"date":"2025-06-29T10:06:01","date_gmt":"2025-06-29T08:06:01","guid":{"rendered":"https:\/\/iddocente.com\/cursos-homologats\/"},"modified":"2026-02-06T14:27:24","modified_gmt":"2026-02-06T13:27:24","slug":"cursos-homologats","status":"publish","type":"page","link":"https:\/\/iddocente.com\/ca\/cursos-homologats\/","title":{"rendered":"CURSOS HOMOLOGATS"},"content":{"rendered":"\t\t<div data-elementor-type=\"wp-page\" data-elementor-id=\"43761\" class=\"elementor elementor-43761 elementor-43425\" data-elementor-post-type=\"page\">\n\t\t\t\t<div data-dce-background-color=\"#4052A0\" data-dce-background-overlay-color=\"#293171\" data-dce-background-image-url=\"https:\/\/iddocente.com\/wp-content\/uploads\/2025\/07\/cursos_homologados.jpg\" class=\"elementor-element elementor-element-15565b3b e-flex e-con-boxed e-con e-parent\" data-id=\"15565b3b\" data-element_type=\"container\" data-e-type=\"container\" data-settings=\"{&quot;background_background&quot;:&quot;classic&quot;}\">\n\t\t\t\t\t<div class=\"e-con-inner\">\n\t\t\t\t\t<\/div>\n\t\t\t\t<\/div>\n\t\t<div class=\"elementor-element elementor-element-dc69ee8 e-flex e-con-boxed e-con e-parent\" data-id=\"dc69ee8\" data-element_type=\"container\" data-e-type=\"container\">\n\t\t\t\t\t<div class=\"e-con-inner\">\n\t\t\t\t<div data-dce-title-color=\"#293171\" class=\"elementor-element elementor-element-1305fc08 animated-slow elementor-widget elementor-widget-heading\" data-id=\"1305fc08\" data-element_type=\"widget\" data-e-type=\"widget\" data-settings=\"{&quot;_animation&quot;:&quot;none&quot;}\" data-widget_type=\"heading.default\">\n\t\t\t\t<div class=\"elementor-widget-container\">\n\t\t\t\t\t<h2 class=\"elementor-heading-title elementor-size-default\">Certificaci\u00f3 Universit\u00e0ria<\/h2>\t\t\t\t<\/div>\n\t\t\t\t<\/div>\n\t\t\t\t\t<\/div>\n\t\t\t\t<\/div>\n\t\t<div class=\"elementor-element elementor-element-31265ed8 e-flex e-con-boxed e-con e-parent\" data-id=\"31265ed8\" data-element_type=\"container\" data-e-type=\"container\">\n\t\t\t\t\t<div class=\"e-con-inner\">\n\t\t\t\t<div data-dce-title-color=\"#FBC02D\" class=\"elementor-element elementor-element-4954295e animated-slow elementor-widget elementor-widget-heading\" data-id=\"4954295e\" data-element_type=\"widget\" data-e-type=\"widget\" data-settings=\"{&quot;_animation&quot;:&quot;none&quot;}\" data-widget_type=\"heading.default\">\n\t\t\t\t<div class=\"elementor-widget-container\">\n\t\t\t\t\t<h2 class=\"elementor-heading-title elementor-size-default\">Cursos homologats per a docents<\/h2>\t\t\t\t<\/div>\n\t\t\t\t<\/div>\n\t\t\t\t\t<\/div>\n\t\t\t\t<\/div>\n\t\t\t\t<section class=\"elementor-section elementor-top-section elementor-element elementor-element-56d0f8e elementor-section-boxed elementor-section-height-default elementor-section-height-default\" data-id=\"56d0f8e\" data-element_type=\"section\" data-e-type=\"section\">\n\t\t\t\t\t\t<div class=\"elementor-container elementor-column-gap-default\">\n\t\t\t\t\t<div class=\"elementor-column elementor-col-100 elementor-top-column elementor-element elementor-element-7eeb330d\" data-id=\"7eeb330d\" data-element_type=\"column\" data-e-type=\"column\">\n\t\t\t<div class=\"elementor-widget-wrap elementor-element-populated\">\n\t\t\t\t\t\t<div data-dce-text-color=\"#555555\" class=\"elementor-element elementor-element-291c4e3c elementor-widget elementor-widget-text-editor\" data-id=\"291c4e3c\" data-element_type=\"widget\" data-e-type=\"widget\" data-widget_type=\"text-editor.default\">\n\t\t\t\t<div class=\"elementor-widget-container\">\n\t\t\t\t\t\t\t\t\t<p style=\"text-align: left;\">A idDOCENTE apostem per una formaci\u00f3 de qualitat, <mark>avalada per universitats de reconegut prestigi<\/mark>. Els nostres cursos formen part de la formaci\u00f3 permanent del professorat i compten amb certificaci\u00f3 universit\u00e0ria, fet que garanteix el seu rigor acad\u00e8mic, reconeixement oficial i utilitat real per a la carrera docent.<\/p>\n<p style=\"text-align: left;\">Gr\u00e0cies a aquesta certificaci\u00f3, els cursos s\u00f3n <mark>homologables com a formaci\u00f3 permanent del professorat a tot el territori nacional<\/mark>, complint els requisits establerts per les diferents administracions educatives auton\u00f2miques i essent valorables en oposicions, concursos de m\u00e8rits, concursos de trasllats i altres procediments de desenvolupament professional docent.<\/p>\t\t\t\t\t\t\t\t<\/div>\n\t\t\t\t<\/div>\n\t\t\t\t\t<\/div>\n\t\t<\/div>\n\t\t\t\t\t<\/div>\n\t\t<\/section>\n\t\t<div data-dce-background-color=\"#293171\" class=\"elementor-element elementor-element-9925426 e-flex e-con-boxed e-con e-parent\" data-id=\"9925426\" data-element_type=\"container\" data-e-type=\"container\" data-settings=\"{&quot;background_background&quot;:&quot;classic&quot;}\">\n\t\t\t\t\t<div class=\"e-con-inner\">\n\t\t\t\t<div class=\"elementor-element elementor-element-760cc9e dce_masking-none elementor-widget elementor-widget-image\" data-id=\"760cc9e\" data-element_type=\"widget\" data-e-type=\"widget\" data-settings=\"{&quot;_animation&quot;:&quot;none&quot;}\" data-widget_type=\"image.default\">\n\t\t\t\t<div class=\"elementor-widget-container\">\n\t\t\t\t\t\t\t\t\t\t\t\t\t\t\t<img fetchpriority=\"high\" decoding=\"async\" width=\"540\" height=\"300\" src=\"https:\/\/iddocente.com\/wp-content\/uploads\/2026\/02\/test3-1.png\" class=\"attachment-large size-large wp-image-49907\" alt=\"\" srcset=\"https:\/\/iddocente.com\/wp-content\/uploads\/2026\/02\/test3-1.png 540w, https:\/\/iddocente.com\/wp-content\/uploads\/2026\/02\/test3-1-300x167.png 300w\" sizes=\"(max-width: 540px) 100vw, 540px\" \/>\t\t\t\t\t\t\t\t\t\t\t\t\t\t\t<\/div>\n\t\t\t\t<\/div>\n\t\t<div class=\"elementor-element elementor-element-7cffa12 e-con-full e-flex e-con e-child\" data-id=\"7cffa12\" data-element_type=\"container\" data-e-type=\"container\">\n\t\t\t\t<div data-dce-text-color=\"#CFCFCF\" class=\"elementor-element elementor-element-0f40a0c elementor-widget elementor-widget-text-editor\" data-id=\"0f40a0c\" data-element_type=\"widget\" data-e-type=\"widget\" data-widget_type=\"text-editor.default\">\n\t\t\t\t<div class=\"elementor-widget-container\">\n\t\t\t\t\t\t\t\t\t<p><span style=\"color: #ffffff;\">La Universitat Isabel I, amb una s\u00f2lida traject\u00f2ria en formaci\u00f3 universit\u00e0ria en l\u00ednia i programes educatius per a professionals en actiu, \u00e9s una universitat oficial consolidada en l\u2019\u00e0mbit educatiu. Els seus programes de formaci\u00f3 permanent ofereixen flexibilitat i una actualitzaci\u00f3 de continguts adaptada a les necessitats del professorat.<\/span><\/p><p><span style=\"color: #ffffff;\">Aquesta certificaci\u00f3 universit\u00e0ria permet al professorat acreditar la seva formaci\u00f3 permanent a tot el territori nacional, essent valorable en els diferents processos administratius i professionals relacionats amb la carrera docent, d\u2019acord amb els criteris establerts per les administracions educatives.<\/span><\/p>\t\t\t\t\t\t\t\t<\/div>\n\t\t\t\t<\/div>\n\t\t\t\t<\/div>\n\t\t\t\t\t<\/div>\n\t\t\t\t<\/div>\n\t\t<div data-dce-background-color=\"#4052A0\" class=\"elementor-element elementor-element-d2b7602 e-flex e-con-boxed e-con e-parent\" data-id=\"d2b7602\" data-element_type=\"container\" data-e-type=\"container\" data-settings=\"{&quot;background_background&quot;:&quot;classic&quot;}\">\n\t\t\t\t\t<div class=\"e-con-inner\">\n\t\t\t\t<div class=\"elementor-element elementor-element-5c7f123 dce_masking-none elementor-widget elementor-widget-image\" data-id=\"5c7f123\" data-element_type=\"widget\" data-e-type=\"widget\" data-settings=\"{&quot;_animation&quot;:&quot;none&quot;}\" data-widget_type=\"image.default\">\n\t\t\t\t<div class=\"elementor-widget-container\">\n\t\t\t\t\t\t\t\t\t\t\t\t\t\t\t<img decoding=\"async\" width=\"540\" height=\"300\" src=\"https:\/\/iddocente.com\/wp-content\/uploads\/2025\/06\/logousjok.png\" class=\"attachment-large size-large wp-image-43467\" alt=\"\" srcset=\"https:\/\/iddocente.com\/wp-content\/uploads\/2025\/06\/logousjok.png 540w, https:\/\/iddocente.com\/wp-content\/uploads\/2025\/06\/logousjok-300x167.png 300w\" sizes=\"(max-width: 540px) 100vw, 540px\" \/>\t\t\t\t\t\t\t\t\t\t\t\t\t\t\t<\/div>\n\t\t\t\t<\/div>\n\t\t<div class=\"elementor-element elementor-element-a50f404 e-con-full e-flex e-con e-child\" data-id=\"a50f404\" data-element_type=\"container\" data-e-type=\"container\">\n\t\t\t\t<div data-dce-text-color=\"#CFCFCF\" class=\"elementor-element elementor-element-0a1fcc7 elementor-widget elementor-widget-text-editor\" data-id=\"0a1fcc7\" data-element_type=\"widget\" data-e-type=\"widget\" data-widget_type=\"text-editor.default\">\n\t\t\t\t<div class=\"elementor-widget-container\">\n\t\t\t\t\t\t\t\t\t<p><span style=\"color: #ffffff;\">La Universitat San Jorge, reconeguda per la seva traject\u00f2ria acad\u00e8mica i el seu comprom\u00eds amb la formaci\u00f3 de professionals de l\u2019\u00e0mbit educatiu, \u00e9s una universitat oficial del sistema universitari espanyol. Desenvolupa titulacions i programes de formaci\u00f3 adre\u00e7ats al professorat, garantint elevats est\u00e0ndards de qualitat acad\u00e8mica i educativa.<\/span><\/p><p><span style=\"color: #ffffff;\">La certificaci\u00f3 per part de la Universitat San Jorge permet als docents acreditar oficialment la seva formaci\u00f3 com a formaci\u00f3 universit\u00e0ria, facilitant-ne el reconeixement en oposicions, concursos de m\u00e8rits, concursos de trasllats i altres procediments vinculats al desenvolupament professional docent, d\u2019acord amb la normativa vigent de les diferents administracions educatives.<\/span><\/p>\t\t\t\t\t\t\t\t<\/div>\n\t\t\t\t<\/div>\n\t\t\t\t<\/div>\n\t\t\t\t\t<\/div>\n\t\t\t\t<\/div>\n\t\t<div data-dce-background-color=\"#293171\" class=\"elementor-element elementor-element-20c8a95 e-con-full e-flex e-con e-parent\" data-id=\"20c8a95\" data-element_type=\"container\" data-e-type=\"container\" data-settings=\"{&quot;background_background&quot;:&quot;classic&quot;}\">\n\t\t\t\t<div data-dce-title-color=\"#FFFFFF\" class=\"elementor-element elementor-element-321b92d elementor-widget elementor-widget-heading\" data-id=\"321b92d\" data-element_type=\"widget\" data-e-type=\"widget\" data-widget_type=\"heading.default\">\n\t\t\t\t<div class=\"elementor-widget-container\">\n\t\t\t\t\t<h2 class=\"elementor-heading-title elementor-size-default\">Necessites formaci\u00f3 per a tu o per al teu centre?<\/h2>\t\t\t\t<\/div>\n\t\t\t\t<\/div>\n\t\t\t\t<div data-dce-background-color=\"#FBC02D\" class=\"elementor-element elementor-element-d4b60f8 elementor-align-center elementor-widget elementor-widget-button\" data-id=\"d4b60f8\" data-element_type=\"widget\" data-e-type=\"widget\" data-widget_type=\"button.default\">\n\t\t\t\t<div class=\"elementor-widget-container\">\n\t\t\t\t\t\t\t\t\t<div class=\"elementor-button-wrapper\">\n\t\t\t\t\t<a class=\"elementor-button elementor-button-link elementor-size-lg elementor-animation-grow\" href=\"https:\/\/iddocente.com\/ca\/contacte\/\">\n\t\t\t\t\t\t<span class=\"elementor-button-content-wrapper\">\n\t\t\t\t\t\t\t\t\t<span class=\"elementor-button-text\">contacte<\/span>\n\t\t\t\t\t<\/span>\n\t\t\t\t\t<\/a>\n\t\t\t\t<\/div>\n\t\t\t\t\t\t\t\t<\/div>\n\t\t\t\t<\/div>\n\t\t\t\t<\/div>\n\t\t\t\t<\/div>\n\t\t","protected":false},"excerpt":{"rendered":"<p>Certificaci\u00f3 Universit\u00e0ria Cursos homologats per a docents A idDOCENTE apostem per una formaci\u00f3 de qualitat, avalada per universitats de reconegut prestigi. Els nostres cursos formen part de la formaci\u00f3 permanent del professorat i compten amb certificaci\u00f3 universit\u00e0ria, fet que garanteix el seu rigor acad\u00e8mic, reconeixement oficial i utilitat real per a la carrera docent. Gr\u00e0cies [&hellip;]<\/p>\n","protected":false},"author":2,"featured_media":0,"parent":0,"menu_order":0,"comment_status":"closed","ping_status":"closed","template":"elementor_header_footer","meta":{"_acf_changed":false,"footnotes":""},"class_list":["post-43761","page","type-page","status-publish","hentry"],"acf":[],"yoast_head":"<!-- This site is optimized with the Yoast SEO plugin v27.3 - https:\/\/yoast.com\/product\/yoast-seo-wordpress\/ -->\n<title>Cursos homologats | idDOCENTE<\/title>\n<meta name=\"description\" content=\"Tots els nostres cursos estan certificats per la Universitat San Jorge i s\u00f3n homologables com a formaci\u00f3 permanent del professorat\" \/>\n<meta name=\"robots\" content=\"index, follow, max-snippet:-1, max-image-preview:large, max-video-preview:-1\" \/>\n<link rel=\"canonical\" href=\"https:\/\/iddocente.com\/ca\/cursos-homologats\/\" \/>\n<meta property=\"og:locale\" content=\"ca_ES\" \/>\n<meta property=\"og:type\" content=\"article\" \/>\n<meta property=\"og:title\" content=\"Cursos homologats | idDOCENTE\" \/>\n<meta property=\"og:description\" content=\"Tots els nostres cursos estan certificats per la Universitat San Jorge i s\u00f3n homologables com a formaci\u00f3 permanent del professorat\" \/>\n<meta property=\"og:url\" content=\"https:\/\/iddocente.com\/ca\/cursos-homologats\/\" \/>\n<meta property=\"og:site_name\" content=\"idDOCENTE\" \/>\n<meta property=\"article:publisher\" content=\"https:\/\/www.facebook.com\/IDDInnovacionDesarrolloDocente\" \/>\n<meta property=\"article:modified_time\" content=\"2026-02-06T13:27:24+00:00\" \/>\n<meta property=\"og:image\" content=\"https:\/\/iddocente.com\/wp-content\/uploads\/2026\/02\/test3-1.png\" \/>\n\t<meta property=\"og:image:width\" content=\"540\" \/>\n\t<meta property=\"og:image:height\" content=\"300\" \/>\n\t<meta property=\"og:image:type\" content=\"image\/png\" \/>\n<meta name=\"twitter:card\" content=\"summary_large_image\" \/>\n<meta name=\"twitter:site\" content=\"@id_DOCENTE\" \/>\n<meta name=\"twitter:label1\" content=\"Temps estimat de lectura\" \/>\n\t<meta name=\"twitter:data1\" content=\"3 minuts\" \/>\n<script type=\"application\/ld+json\" class=\"yoast-schema-graph\">{\"@context\":\"https:\\\/\\\/schema.org\",\"@graph\":[{\"@type\":\"WebPage\",\"@id\":\"https:\\\/\\\/iddocente.com\\\/ca\\\/cursos-homologats\\\/\",\"url\":\"https:\\\/\\\/iddocente.com\\\/ca\\\/cursos-homologats\\\/\",\"name\":\"Cursos homologats | idDOCENTE\",\"isPartOf\":{\"@id\":\"https:\\\/\\\/iddocente.com\\\/#website\"},\"primaryImageOfPage\":{\"@id\":\"https:\\\/\\\/iddocente.com\\\/ca\\\/cursos-homologats\\\/#primaryimage\"},\"image\":{\"@id\":\"https:\\\/\\\/iddocente.com\\\/ca\\\/cursos-homologats\\\/#primaryimage\"},\"thumbnailUrl\":\"https:\\\/\\\/iddocente.com\\\/wp-content\\\/uploads\\\/2026\\\/02\\\/test3-1.png\",\"datePublished\":\"2025-06-29T08:06:01+00:00\",\"dateModified\":\"2026-02-06T13:27:24+00:00\",\"description\":\"Tots els nostres cursos estan certificats per la Universitat San Jorge i s\u00f3n homologables com a formaci\u00f3 permanent del professorat\",\"breadcrumb\":{\"@id\":\"https:\\\/\\\/iddocente.com\\\/ca\\\/cursos-homologats\\\/#breadcrumb\"},\"inLanguage\":\"ca\",\"potentialAction\":[{\"@type\":\"ReadAction\",\"target\":[\"https:\\\/\\\/iddocente.com\\\/ca\\\/cursos-homologats\\\/\"]}]},{\"@type\":\"ImageObject\",\"inLanguage\":\"ca\",\"@id\":\"https:\\\/\\\/iddocente.com\\\/ca\\\/cursos-homologats\\\/#primaryimage\",\"url\":\"https:\\\/\\\/iddocente.com\\\/wp-content\\\/uploads\\\/2026\\\/02\\\/test3-1.png\",\"contentUrl\":\"https:\\\/\\\/iddocente.com\\\/wp-content\\\/uploads\\\/2026\\\/02\\\/test3-1.png\"},{\"@type\":\"BreadcrumbList\",\"@id\":\"https:\\\/\\\/iddocente.com\\\/ca\\\/cursos-homologats\\\/#breadcrumb\",\"itemListElement\":[{\"@type\":\"ListItem\",\"position\":1,\"name\":\"Portada\",\"item\":\"https:\\\/\\\/iddocente.com\\\/ca\\\/\"},{\"@type\":\"ListItem\",\"position\":2,\"name\":\"CURSOS HOMOLOGATS\"}]},{\"@type\":\"WebSite\",\"@id\":\"https:\\\/\\\/iddocente.com\\\/#website\",\"url\":\"https:\\\/\\\/iddocente.com\\\/\",\"name\":\"idDOCENTE\",\"description\":\"Formaci\u00f3n online para docentes y centros educativos\",\"publisher\":{\"@id\":\"https:\\\/\\\/iddocente.com\\\/#organization\"},\"potentialAction\":[{\"@type\":\"SearchAction\",\"target\":{\"@type\":\"EntryPoint\",\"urlTemplate\":\"https:\\\/\\\/iddocente.com\\\/?s={search_term_string}\"},\"query-input\":{\"@type\":\"PropertyValueSpecification\",\"valueRequired\":true,\"valueName\":\"search_term_string\"}}],\"inLanguage\":\"ca\"},{\"@type\":\"Organization\",\"@id\":\"https:\\\/\\\/iddocente.com\\\/#organization\",\"name\":\"idDOCENTE\",\"url\":\"https:\\\/\\\/iddocente.com\\\/\",\"logo\":{\"@type\":\"ImageObject\",\"inLanguage\":\"ca\",\"@id\":\"https:\\\/\\\/iddocente.com\\\/#\\\/schema\\\/logo\\\/image\\\/\",\"url\":\"https:\\\/\\\/iddocente.com\\\/wp-content\\\/uploads\\\/2017\\\/01\\\/logo-colored-295x109.png\",\"contentUrl\":\"https:\\\/\\\/iddocente.com\\\/wp-content\\\/uploads\\\/2017\\\/01\\\/logo-colored-295x109.png\",\"width\":298,\"height\":110,\"caption\":\"idDOCENTE\"},\"image\":{\"@id\":\"https:\\\/\\\/iddocente.com\\\/#\\\/schema\\\/logo\\\/image\\\/\"},\"sameAs\":[\"https:\\\/\\\/www.facebook.com\\\/IDDInnovacionDesarrolloDocente\",\"https:\\\/\\\/x.com\\\/id_DOCENTE\",\"https:\\\/\\\/www.instagram.com\\\/iddocente\\\/\",\"https:\\\/\\\/www.linkedin.com\\\/company\\\/iddocente\\\/\"]}]}<\/script>\n<!-- \/ Yoast SEO plugin. -->","yoast_head_json":{"title":"Cursos homologats | idDOCENTE","description":"Tots els nostres cursos estan certificats per la Universitat San Jorge i s\u00f3n homologables com a formaci\u00f3 permanent del professorat","robots":{"index":"index","follow":"follow","max-snippet":"max-snippet:-1","max-image-preview":"max-image-preview:large","max-video-preview":"max-video-preview:-1"},"canonical":"https:\/\/iddocente.com\/ca\/cursos-homologats\/","og_locale":"ca_ES","og_type":"article","og_title":"Cursos homologats | idDOCENTE","og_description":"Tots els nostres cursos estan certificats per la Universitat San Jorge i s\u00f3n homologables com a formaci\u00f3 permanent del professorat","og_url":"https:\/\/iddocente.com\/ca\/cursos-homologats\/","og_site_name":"idDOCENTE","article_publisher":"https:\/\/www.facebook.com\/IDDInnovacionDesarrolloDocente","article_modified_time":"2026-02-06T13:27:24+00:00","og_image":[{"width":540,"height":300,"url":"https:\/\/iddocente.com\/wp-content\/uploads\/2026\/02\/test3-1.png","type":"image\/png"}],"twitter_card":"summary_large_image","twitter_site":"@id_DOCENTE","twitter_misc":{"Temps estimat de lectura":"3 minuts"},"schema":{"@context":"https:\/\/schema.org","@graph":[{"@type":"WebPage","@id":"https:\/\/iddocente.com\/ca\/cursos-homologats\/","url":"https:\/\/iddocente.com\/ca\/cursos-homologats\/","name":"Cursos homologats | idDOCENTE","isPartOf":{"@id":"https:\/\/iddocente.com\/#website"},"primaryImageOfPage":{"@id":"https:\/\/iddocente.com\/ca\/cursos-homologats\/#primaryimage"},"image":{"@id":"https:\/\/iddocente.com\/ca\/cursos-homologats\/#primaryimage"},"thumbnailUrl":"https:\/\/iddocente.com\/wp-content\/uploads\/2026\/02\/test3-1.png","datePublished":"2025-06-29T08:06:01+00:00","dateModified":"2026-02-06T13:27:24+00:00","description":"Tots els nostres cursos estan certificats per la Universitat San Jorge i s\u00f3n homologables com a formaci\u00f3 permanent del professorat","breadcrumb":{"@id":"https:\/\/iddocente.com\/ca\/cursos-homologats\/#breadcrumb"},"inLanguage":"ca","potentialAction":[{"@type":"ReadAction","target":["https:\/\/iddocente.com\/ca\/cursos-homologats\/"]}]},{"@type":"ImageObject","inLanguage":"ca","@id":"https:\/\/iddocente.com\/ca\/cursos-homologats\/#primaryimage","url":"https:\/\/iddocente.com\/wp-content\/uploads\/2026\/02\/test3-1.png","contentUrl":"https:\/\/iddocente.com\/wp-content\/uploads\/2026\/02\/test3-1.png"},{"@type":"BreadcrumbList","@id":"https:\/\/iddocente.com\/ca\/cursos-homologats\/#breadcrumb","itemListElement":[{"@type":"ListItem","position":1,"name":"Portada","item":"https:\/\/iddocente.com\/ca\/"},{"@type":"ListItem","position":2,"name":"CURSOS HOMOLOGATS"}]},{"@type":"WebSite","@id":"https:\/\/iddocente.com\/#website","url":"https:\/\/iddocente.com\/","name":"idDOCENTE","description":"Formaci\u00f3n online para docentes y centros educativos","publisher":{"@id":"https:\/\/iddocente.com\/#organization"},"potentialAction":[{"@type":"SearchAction","target":{"@type":"EntryPoint","urlTemplate":"https:\/\/iddocente.com\/?s={search_term_string}"},"query-input":{"@type":"PropertyValueSpecification","valueRequired":true,"valueName":"search_term_string"}}],"inLanguage":"ca"},{"@type":"Organization","@id":"https:\/\/iddocente.com\/#organization","name":"idDOCENTE","url":"https:\/\/iddocente.com\/","logo":{"@type":"ImageObject","inLanguage":"ca","@id":"https:\/\/iddocente.com\/#\/schema\/logo\/image\/","url":"https:\/\/iddocente.com\/wp-content\/uploads\/2017\/01\/logo-colored-295x109.png","contentUrl":"https:\/\/iddocente.com\/wp-content\/uploads\/2017\/01\/logo-colored-295x109.png","width":298,"height":110,"caption":"idDOCENTE"},"image":{"@id":"https:\/\/iddocente.com\/#\/schema\/logo\/image\/"},"sameAs":["https:\/\/www.facebook.com\/IDDInnovacionDesarrolloDocente","https:\/\/x.com\/id_DOCENTE","https:\/\/www.instagram.com\/iddocente\/","https:\/\/www.linkedin.com\/company\/iddocente\/"]}]}},"_links":{"self":[{"href":"https:\/\/iddocente.com\/ca\/wp-json\/wp\/v2\/pages\/43761","targetHints":{"allow":["GET"]}}],"collection":[{"href":"https:\/\/iddocente.com\/ca\/wp-json\/wp\/v2\/pages"}],"about":[{"href":"https:\/\/iddocente.com\/ca\/wp-json\/wp\/v2\/types\/page"}],"author":[{"embeddable":true,"href":"https:\/\/iddocente.com\/ca\/wp-json\/wp\/v2\/users\/2"}],"replies":[{"embeddable":true,"href":"https:\/\/iddocente.com\/ca\/wp-json\/wp\/v2\/comments?post=43761"}],"version-history":[{"count":16,"href":"https:\/\/iddocente.com\/ca\/wp-json\/wp\/v2\/pages\/43761\/revisions"}],"predecessor-version":[{"id":49916,"href":"https:\/\/iddocente.com\/ca\/wp-json\/wp\/v2\/pages\/43761\/revisions\/49916"}],"wp:attachment":[{"href":"https:\/\/iddocente.com\/ca\/wp-json\/wp\/v2\/media?parent=43761"}],"curies":[{"name":"wp","href":"https:\/\/api.w.org\/{rel}","templated":true}]}}