{"id":23736,"date":"2022-12-29T16:51:03","date_gmt":"2022-12-29T15:51:03","guid":{"rendered":"https:\/\/iddocente.com\/educacio-emocional-i-neuropsicologia\/"},"modified":"2025-07-18T09:32:08","modified_gmt":"2025-07-18T07:32:08","slug":"educacio-emocional-i-neuropsicologia","status":"publish","type":"page","link":"https:\/\/iddocente.com\/ca\/educacio-emocional-i-neuropsicologia\/","title":{"rendered":"EDUCACI\u00d3 EMOCIONAL I NEUROPSICOLOGIA"},"content":{"rendered":"\t\t<div data-elementor-type=\"wp-page\" data-elementor-id=\"23736\" class=\"elementor elementor-23736 elementor-19723\" data-elementor-post-type=\"page\">\n\t\t\t\t\t\t<section data-dce-background-color=\"#4052A0\" data-dce-background-overlay-color=\"#293171\" data-dce-background-image-url=\"https:\/\/iddocente.com\/wp-content\/uploads\/2025\/07\/cabecera_educacion_emocional_neuropsicologia_g.jpg\" class=\"elementor-section elementor-top-section elementor-element elementor-element-3c4e72b0 elementor-section-height-min-height elementor-section-boxed elementor-section-height-default elementor-section-items-middle\" data-id=\"3c4e72b0\" data-element_type=\"section\" data-e-type=\"section\" data-settings=\"{&quot;background_background&quot;:&quot;classic&quot;}\">\n\t\t\t\t\t\t\t<div class=\"elementor-background-overlay\"><\/div>\n\t\t\t\t\t\t\t<div class=\"elementor-container elementor-column-gap-default\">\n\t\t\t\t\t<div class=\"elementor-column elementor-col-100 elementor-top-column elementor-element elementor-element-5e884db4\" data-id=\"5e884db4\" data-element_type=\"column\" data-e-type=\"column\">\n\t\t\t<div class=\"elementor-widget-wrap\">\n\t\t\t\t\t\t\t<\/div>\n\t\t<\/div>\n\t\t\t\t\t<\/div>\n\t\t<\/section>\n\t\t<div class=\"elementor-element elementor-element-947381e e-flex e-con-boxed e-con e-parent\" data-id=\"947381e\" data-element_type=\"container\" data-e-type=\"container\">\n\t\t\t\t\t<div class=\"e-con-inner\">\n\t\t\t\t<div data-dce-title-color=\"#293171\" class=\"elementor-element elementor-element-b6a0892 animated-slow elementor-widget elementor-widget-heading\" data-id=\"b6a0892\" data-element_type=\"widget\" data-e-type=\"widget\" data-settings=\"{&quot;_animation&quot;:&quot;none&quot;}\" data-widget_type=\"heading.default\">\n\t\t\t\t<div class=\"elementor-widget-container\">\n\t\t\t\t\t<h1 class=\"elementor-heading-title elementor-size-default\">Educaci\u00f3 Emocional i neuropsicologia<\/h1>\t\t\t\t<\/div>\n\t\t\t\t<\/div>\n\t\t\t\t\t<\/div>\n\t\t\t\t<\/div>\n\t\t\t\t<section class=\"elementor-section elementor-top-section elementor-element elementor-element-2a7344b1 elementor-section-boxed elementor-section-height-default elementor-section-height-default\" data-id=\"2a7344b1\" data-element_type=\"section\" data-e-type=\"section\">\n\t\t\t\t\t\t<div class=\"elementor-container elementor-column-gap-default\">\n\t\t\t\t\t<div class=\"elementor-column elementor-col-100 elementor-top-column elementor-element elementor-element-669d5d6\" data-id=\"669d5d6\" data-element_type=\"column\" data-e-type=\"column\">\n\t\t\t<div class=\"elementor-widget-wrap elementor-element-populated\">\n\t\t\t\t\t\t<div class=\"elementor-element elementor-element-1222fdde elementor-widget elementor-widget-text-editor\" data-id=\"1222fdde\" data-element_type=\"widget\" data-e-type=\"widget\" data-widget_type=\"text-editor.default\">\n\t\t\t\t<div class=\"elementor-widget-container\">\n\t\t\t\t\t\t\t\t\t<p>La gesti\u00f3 emocional emergeix com <mark>un dels principals reptes<\/mark> per als docents. L&#8217;escola exerceix un paper crucial no sols en el desenvolupament intel\u00b7lectual, sin\u00f3 tamb\u00e9 en l&#8217;emocional dels alumnes.<\/p><p>Per aix\u00f2, els docents han de <mark>prioritzar les habilitats socials i emocionals<\/mark> en el seu ensenyament a l&#8217;aula. \u00c9s essencial proporcionar-los les oportunitats adequades d&#8217;aprenentatge i desenvolupament professional perqu\u00e8 puguin abordar efica\u00e7ment les necessitats emocionals dels seus alumnes i crear un entorn d&#8217;aprenentatge positiu i enriquidor.<\/p>\t\t\t\t\t\t\t\t<\/div>\n\t\t\t\t<\/div>\n\t\t\t\t\t<\/div>\n\t\t<\/div>\n\t\t\t\t\t<\/div>\n\t\t<\/section>\n\t\t\t\t<section class=\"elementor-section elementor-top-section elementor-element elementor-element-3c6991fe elementor-section-boxed elementor-section-height-default elementor-section-height-default\" data-id=\"3c6991fe\" data-element_type=\"section\" data-e-type=\"section\">\n\t\t\t\t\t\t<div class=\"elementor-container elementor-column-gap-default\">\n\t\t\t\t\t<div class=\"elementor-column elementor-col-100 elementor-top-column elementor-element elementor-element-1bd2da45\" data-id=\"1bd2da45\" data-element_type=\"column\" data-e-type=\"column\">\n\t\t\t<div class=\"elementor-widget-wrap elementor-element-populated\">\n\t\t\t\t\t\t<div class=\"elementor-element elementor-element-3ced21e9 elementor-posts--align-center elementor-grid-3 elementor-grid-tablet-2 elementor-grid-mobile-1 elementor-posts--thumbnail-top elementor-widget elementor-widget-posts\" data-id=\"3ced21e9\" data-element_type=\"widget\" data-e-type=\"widget\" data-settings=\"{&quot;classic_columns&quot;:&quot;3&quot;,&quot;classic_columns_tablet&quot;:&quot;2&quot;,&quot;classic_columns_mobile&quot;:&quot;1&quot;,&quot;classic_row_gap&quot;:{&quot;unit&quot;:&quot;px&quot;,&quot;size&quot;:35,&quot;sizes&quot;:[]},&quot;classic_row_gap_tablet&quot;:{&quot;unit&quot;:&quot;px&quot;,&quot;size&quot;:&quot;&quot;,&quot;sizes&quot;:[]},&quot;classic_row_gap_mobile&quot;:{&quot;unit&quot;:&quot;px&quot;,&quot;size&quot;:&quot;&quot;,&quot;sizes&quot;:[]}}\" data-widget_type=\"posts.classic\">\n\t\t\t\t<div class=\"elementor-widget-container\">\n\t\t\t\t\t\t\t<div class=\"elementor-posts-container elementor-posts elementor-posts--skin-classic elementor-grid\" role=\"list\">\n\t\t\t\t<article class=\"elementor-post elementor-grid-item post-24119 formacion type-formacion status-publish has-post-thumbnail hentry categoria-educacio-emocional-neuropsicologia-ca etiquetas-arago-ca etiquetas-catalunya-ca etiquetas-intensiu-ca etiquetas-perfil-diversitat etiquetas-usj etiquetas-valencia-ca\" role=\"listitem\">\n\t\t\t\t<a class=\"elementor-post__thumbnail__link\" href=\"https:\/\/iddocente.com\/ca\/formacion\/curs-online-educacio-emocional-aula\/\" tabindex=\"-1\" >\n\t\t\t<div class=\"elementor-post__thumbnail\"><img fetchpriority=\"high\" decoding=\"async\" width=\"1024\" height=\"538\" src=\"https:\/\/iddocente.com\/wp-content\/uploads\/2023\/10\/curs_online_educacio_emocional_cat_24-1024x538.jpg\" class=\"attachment-large size-large wp-image-28234\" alt=\"curs educaci\u00f3 emocional\" srcset=\"https:\/\/iddocente.com\/wp-content\/uploads\/2023\/10\/curs_online_educacio_emocional_cat_24-1024x538.jpg 1024w, https:\/\/iddocente.com\/wp-content\/uploads\/2023\/10\/curs_online_educacio_emocional_cat_24-840x441.jpg 840w, https:\/\/iddocente.com\/wp-content\/uploads\/2023\/10\/curs_online_educacio_emocional_cat_24-300x158.jpg 300w, https:\/\/iddocente.com\/wp-content\/uploads\/2023\/10\/curs_online_educacio_emocional_cat_24-768x403.jpg 768w, https:\/\/iddocente.com\/wp-content\/uploads\/2023\/10\/curs_online_educacio_emocional_cat_24-370x193.jpg 370w, https:\/\/iddocente.com\/wp-content\/uploads\/2023\/10\/curs_online_educacio_emocional_cat_24-600x315.jpg 600w, https:\/\/iddocente.com\/wp-content\/uploads\/2023\/10\/curs_online_educacio_emocional_cat_24-640x336.jpg 640w, https:\/\/iddocente.com\/wp-content\/uploads\/2023\/10\/curs_online_educacio_emocional_cat_24.jpg 1200w\" sizes=\"(max-width: 1024px) 100vw, 1024px\" \/><\/div>\n\t\t<\/a>\n\t\t\t\t<div class=\"elementor-post__text\">\n\t\t\t\t<h3 class=\"elementor-post__title\">\n\t\t\t<a href=\"https:\/\/iddocente.com\/ca\/formacion\/curs-online-educacio-emocional-aula\/\" >\n\t\t\t\tCurs online d&#8217;Educaci\u00f3 Emocional a l&#8217;aula\t\t\t<\/a>\n\t\t<\/h3>\n\t\t\t\t<\/div>\n\t\t\t\t<\/article>\n\t\t\t\t<article class=\"elementor-post elementor-grid-item post-24125 formacion type-formacion status-publish has-post-thumbnail hentry categoria-educacio-emocional-neuropsicologia-ca etiquetas-arago-ca etiquetas-catalunya-ca etiquetas-destacat-ca etiquetas-intensiu-ca etiquetas-perfil-diversitat etiquetas-usj etiquetas-valencia-ca\" role=\"listitem\">\n\t\t\t\t<a class=\"elementor-post__thumbnail__link\" href=\"https:\/\/iddocente.com\/ca\/formacion\/curs-online-neurociencia-eina-educativa\/\" tabindex=\"-1\" >\n\t\t\t<div class=\"elementor-post__thumbnail\"><img decoding=\"async\" width=\"1024\" height=\"538\" src=\"https:\/\/iddocente.com\/wp-content\/uploads\/2023\/10\/curs_online_neurociencia_cat_24-1024x538.jpg\" class=\"attachment-large size-large wp-image-28236\" alt=\"curs neuroci\u00e8ncia educaci\u00f3\" srcset=\"https:\/\/iddocente.com\/wp-content\/uploads\/2023\/10\/curs_online_neurociencia_cat_24-1024x538.jpg 1024w, https:\/\/iddocente.com\/wp-content\/uploads\/2023\/10\/curs_online_neurociencia_cat_24-840x441.jpg 840w, https:\/\/iddocente.com\/wp-content\/uploads\/2023\/10\/curs_online_neurociencia_cat_24-300x158.jpg 300w, https:\/\/iddocente.com\/wp-content\/uploads\/2023\/10\/curs_online_neurociencia_cat_24-768x403.jpg 768w, https:\/\/iddocente.com\/wp-content\/uploads\/2023\/10\/curs_online_neurociencia_cat_24-370x193.jpg 370w, https:\/\/iddocente.com\/wp-content\/uploads\/2023\/10\/curs_online_neurociencia_cat_24-600x315.jpg 600w, https:\/\/iddocente.com\/wp-content\/uploads\/2023\/10\/curs_online_neurociencia_cat_24-640x336.jpg 640w, https:\/\/iddocente.com\/wp-content\/uploads\/2023\/10\/curs_online_neurociencia_cat_24.jpg 1200w\" sizes=\"(max-width: 1024px) 100vw, 1024px\" \/><\/div>\n\t\t<\/a>\n\t\t\t\t<div class=\"elementor-post__text\">\n\t\t\t\t<h3 class=\"elementor-post__title\">\n\t\t\t<a href=\"https:\/\/iddocente.com\/ca\/formacion\/curs-online-neurociencia-eina-educativa\/\" >\n\t\t\t\tCurs online de neuroci\u00e8ncia com a eina educativa\t\t\t<\/a>\n\t\t<\/h3>\n\t\t\t\t<\/div>\n\t\t\t\t<\/article>\n\t\t\t\t<article class=\"elementor-post elementor-grid-item post-24261 formacion type-formacion status-publish has-post-thumbnail hentry categoria-educacio-emocional-neuropsicologia-ca etiquetas-arago-ca etiquetas-catalunya-ca etiquetas-intensiu-ca etiquetas-usj etiquetas-valencia-ca\" role=\"listitem\">\n\t\t\t\t<a class=\"elementor-post__thumbnail__link\" href=\"https:\/\/iddocente.com\/ca\/formacion\/curs-online-educar-en-la-creativitat\/\" tabindex=\"-1\" >\n\t\t\t<div class=\"elementor-post__thumbnail\"><img decoding=\"async\" width=\"1024\" height=\"538\" src=\"https:\/\/iddocente.com\/wp-content\/uploads\/2023\/10\/curs_online_educar_creativitat_cat_24-1024x538.jpg\" class=\"attachment-large size-large wp-image-28240\" alt=\"curs creativitat educaci\u00f3\" srcset=\"https:\/\/iddocente.com\/wp-content\/uploads\/2023\/10\/curs_online_educar_creativitat_cat_24-1024x538.jpg 1024w, https:\/\/iddocente.com\/wp-content\/uploads\/2023\/10\/curs_online_educar_creativitat_cat_24-840x441.jpg 840w, https:\/\/iddocente.com\/wp-content\/uploads\/2023\/10\/curs_online_educar_creativitat_cat_24-300x158.jpg 300w, https:\/\/iddocente.com\/wp-content\/uploads\/2023\/10\/curs_online_educar_creativitat_cat_24-768x403.jpg 768w, https:\/\/iddocente.com\/wp-content\/uploads\/2023\/10\/curs_online_educar_creativitat_cat_24-370x193.jpg 370w, https:\/\/iddocente.com\/wp-content\/uploads\/2023\/10\/curs_online_educar_creativitat_cat_24-600x315.jpg 600w, https:\/\/iddocente.com\/wp-content\/uploads\/2023\/10\/curs_online_educar_creativitat_cat_24-640x336.jpg 640w, https:\/\/iddocente.com\/wp-content\/uploads\/2023\/10\/curs_online_educar_creativitat_cat_24.jpg 1200w\" sizes=\"(max-width: 1024px) 100vw, 1024px\" \/><\/div>\n\t\t<\/a>\n\t\t\t\t<div class=\"elementor-post__text\">\n\t\t\t\t<h3 class=\"elementor-post__title\">\n\t\t\t<a href=\"https:\/\/iddocente.com\/ca\/formacion\/curs-online-educar-en-la-creativitat\/\" >\n\t\t\t\tCurs online d&#8217;educar en la creativitat\t\t\t<\/a>\n\t\t<\/h3>\n\t\t\t\t<\/div>\n\t\t\t\t<\/article>\n\t\t\t\t<\/div>\n\t\t\n\t\t\t\t\t\t<\/div>\n\t\t\t\t<\/div>\n\t\t\t\t\t<\/div>\n\t\t<\/div>\n\t\t\t\t\t<\/div>\n\t\t<\/section>\n\t\t\t\t<section class=\"elementor-section elementor-top-section elementor-element elementor-element-7090c047 elementor-section-full_width elementor-section-height-default elementor-section-height-default\" data-id=\"7090c047\" data-element_type=\"section\" data-e-type=\"section\">\n\t\t\t\t\t\t\t<div class=\"elementor-background-overlay\"><\/div>\n\t\t\t\t\t\t\t<div class=\"elementor-container elementor-column-gap-default\">\n\t\t\t\t\t<div class=\"elementor-column elementor-col-100 elementor-top-column elementor-element elementor-element-1acb731c\" data-id=\"1acb731c\" data-element_type=\"column\" data-e-type=\"column\">\n\t\t\t<div class=\"elementor-widget-wrap elementor-element-populated\">\n\t\t\t\t\t\t<div class=\"elementor-element elementor-element-50fe59e elementor-widget elementor-widget-template\" data-id=\"50fe59e\" data-element_type=\"widget\" data-e-type=\"widget\" data-widget_type=\"template.default\">\n\t\t\t\t<div class=\"elementor-widget-container\">\n\t\t\t\t\t\t\t<div class=\"elementor-template\">\n\t\t\t\t\t<div data-elementor-type=\"section\" data-elementor-id=\"24900\" class=\"elementor elementor-24900 elementor-24854 elementor-24854\" data-elementor-post-type=\"elementor_library\">\n\t\t\t\t\t<section class=\"elementor-section elementor-top-section elementor-element elementor-element-81efcc9 elementor-section-full_width elementor-section-height-default elementor-section-height-default\" data-id=\"81efcc9\" data-element_type=\"section\" data-e-type=\"section\" data-settings=\"{&quot;animation&quot;:&quot;none&quot;}\">\n\t\t\t\t\t\t\t<div class=\"elementor-background-overlay\"><\/div>\n\t\t\t\t\t\t\t<div class=\"elementor-container elementor-column-gap-no\">\n\t\t\t\t\t<div class=\"elementor-column elementor-col-100 elementor-top-column elementor-element elementor-element-2e0dba2\" data-id=\"2e0dba2\" data-element_type=\"column\" data-e-type=\"column\">\n\t\t\t<div class=\"elementor-widget-wrap elementor-element-populated\">\n\t\t\t\t\t\t<div data-dce-title-color=\"#FFFFFF\" class=\"elementor-element elementor-element-563be7f elementor-cta--layout-image-left elementor-cta--mobile-layout-image-above elementor-cta--valign-middle elementor-cta--skin-classic elementor-animated-content elementor-widget elementor-widget-call-to-action\" data-id=\"563be7f\" data-element_type=\"widget\" data-e-type=\"widget\" data-settings=\"{&quot;_animation&quot;:&quot;none&quot;}\" data-widget_type=\"call-to-action.default\">\n\t\t\t\t<div class=\"elementor-widget-container\">\n\t\t\t\t\t\t\t<div class=\"elementor-cta\">\n\t\t\t\t\t<div class=\"elementor-cta__bg-wrapper\">\n\t\t\t\t<div class=\"elementor-cta__bg elementor-bg\" style=\"background-image: url(https:\/\/iddocente.com\/wp-content\/uploads\/2026\/02\/cursos_online_docentes_mar26_abr26-1-1024x656.jpg);\" role=\"img\" aria-label=\"cursos online per a docents\"><\/div>\n\t\t\t\t<div class=\"elementor-cta__bg-overlay\"><\/div>\n\t\t\t<\/div>\n\t\t\t\t\t\t\t<div class=\"elementor-cta__content\">\n\t\t\t\t\n\t\t\t\t\t\t\t\t\t<h2 class=\"elementor-cta__title elementor-cta__content-item elementor-content-item\">\n\t\t\t\t\t\tOferta formativa\t\t\t\t\t<\/h2>\n\t\t\t\t\n\t\t\t\t\n\t\t\t\t\t\t\t\t\t<div class=\"elementor-cta__button-wrapper elementor-cta__content-item elementor-content-item \">\n\t\t\t\t\t<a class=\"elementor-cta__button elementor-button elementor-size-\" href=\"https:\/\/documentacion.iddocente.com\/idd\/idDOCENTE_Formacio_online_del_professorat.pdf\">\n\t\t\t\t\t\tCAT\u00c0LEG FORMACI\u00d3\t\t\t\t\t<\/a>\n\t\t\t\t\t<\/div>\n\t\t\t\t\t\t\t<\/div>\n\t\t\t\t\t\t<\/div>\n\t\t\t\t\t\t<\/div>\n\t\t\t\t<\/div>\n\t\t\t\t\t<\/div>\n\t\t<\/div>\n\t\t\t\t\t<\/div>\n\t\t<\/section>\n\t\t\t\t<\/div>\n\t\t\t\t<\/div>\n\t\t\t\t\t\t<\/div>\n\t\t\t\t<\/div>\n\t\t\t\t\t<\/div>\n\t\t<\/div>\n\t\t\t\t\t<\/div>\n\t\t<\/section>\n\t\t<div data-dce-background-color=\"#293171\" class=\"elementor-element elementor-element-5a2b5da e-con-full e-flex e-con e-parent\" data-id=\"5a2b5da\" data-element_type=\"container\" data-e-type=\"container\" data-settings=\"{&quot;background_background&quot;:&quot;classic&quot;}\">\n\t\t\t\t<div data-dce-title-color=\"#FFFFFF\" class=\"elementor-element elementor-element-733653b elementor-widget elementor-widget-heading\" data-id=\"733653b\" data-element_type=\"widget\" data-e-type=\"widget\" data-widget_type=\"heading.default\">\n\t\t\t\t<div class=\"elementor-widget-container\">\n\t\t\t\t\t<h2 class=\"elementor-heading-title elementor-size-default\">Necessites formaci\u00f3 per a tu o per al teu centre?<\/h2>\t\t\t\t<\/div>\n\t\t\t\t<\/div>\n\t\t\t\t<div data-dce-background-color=\"#FBC02D\" class=\"elementor-element elementor-element-cc102fc elementor-align-center elementor-widget elementor-widget-button\" data-id=\"cc102fc\" data-element_type=\"widget\" data-e-type=\"widget\" data-widget_type=\"button.default\">\n\t\t\t\t<div class=\"elementor-widget-container\">\n\t\t\t\t\t\t\t\t\t<div class=\"elementor-button-wrapper\">\n\t\t\t\t\t<a class=\"elementor-button elementor-button-link elementor-size-lg elementor-animation-grow\" href=\"https:\/\/iddocente.com\/ca\/contacte\/\">\n\t\t\t\t\t\t<span class=\"elementor-button-content-wrapper\">\n\t\t\t\t\t\t\t\t\t<span class=\"elementor-button-text\">contacte<\/span>\n\t\t\t\t\t<\/span>\n\t\t\t\t\t<\/a>\n\t\t\t\t<\/div>\n\t\t\t\t\t\t\t\t<\/div>\n\t\t\t\t<\/div>\n\t\t\t\t<\/div>\n\t\t\t\t<\/div>\n\t\t","protected":false},"excerpt":{"rendered":"<p>Educaci\u00f3 Emocional i neuropsicologia La gesti\u00f3 emocional emergeix com un dels principals reptes per als docents. L&#8217;escola exerceix un paper crucial no sols en el<\/p>\n","protected":false},"author":2,"featured_media":0,"parent":0,"menu_order":0,"comment_status":"closed","ping_status":"closed","template":"elementor_header_footer","meta":{"_acf_changed":false,"footnotes":""},"class_list":["post-23736","page","type-page","status-publish","hentry"],"acf":[],"yoast_head":"<!-- This site is optimized with the Yoast SEO plugin v27.3 - https:\/\/yoast.com\/product\/yoast-seo-wordpress\/ -->\n<title>Formaci\u00f3 del professorat: Educaci\u00f3 Emocional | idDOCENTE<\/title>\n<meta name=\"description\" content=\"Cursos d&#039;Educaci\u00f3 Emocional i neuropsicologia per a docents, homologats com a formaci\u00f3 permanent del professorat\" \/>\n<meta name=\"robots\" content=\"index, follow, max-snippet:-1, max-image-preview:large, max-video-preview:-1\" \/>\n<link rel=\"canonical\" href=\"https:\/\/iddocente.com\/ca\/educacio-emocional-i-neuropsicologia\/\" \/>\n<meta property=\"og:locale\" content=\"ca_ES\" \/>\n<meta property=\"og:type\" content=\"article\" \/>\n<meta property=\"og:title\" content=\"Formaci\u00f3 del professorat: Educaci\u00f3 Emocional | idDOCENTE\" \/>\n<meta property=\"og:description\" content=\"Cursos d&#039;Educaci\u00f3 Emocional i neuropsicologia per a docents, homologats com a formaci\u00f3 permanent del professorat\" \/>\n<meta property=\"og:url\" content=\"https:\/\/iddocente.com\/ca\/educacio-emocional-i-neuropsicologia\/\" \/>\n<meta property=\"og:site_name\" content=\"idDOCENTE\" \/>\n<meta property=\"article:publisher\" content=\"https:\/\/www.facebook.com\/IDDInnovacionDesarrolloDocente\" \/>\n<meta property=\"article:modified_time\" content=\"2025-07-18T07:32:08+00:00\" \/>\n<meta name=\"twitter:card\" content=\"summary_large_image\" \/>\n<meta name=\"twitter:site\" content=\"@id_DOCENTE\" \/>\n<meta name=\"twitter:label1\" content=\"Temps estimat de lectura\" \/>\n\t<meta name=\"twitter:data1\" content=\"2 minuts\" \/>\n<script type=\"application\/ld+json\" class=\"yoast-schema-graph\">{\"@context\":\"https:\\\/\\\/schema.org\",\"@graph\":[{\"@type\":\"WebPage\",\"@id\":\"https:\\\/\\\/iddocente.com\\\/ca\\\/educacio-emocional-i-neuropsicologia\\\/\",\"url\":\"https:\\\/\\\/iddocente.com\\\/ca\\\/educacio-emocional-i-neuropsicologia\\\/\",\"name\":\"Formaci\u00f3 del professorat: Educaci\u00f3 Emocional | idDOCENTE\",\"isPartOf\":{\"@id\":\"https:\\\/\\\/iddocente.com\\\/#website\"},\"datePublished\":\"2022-12-29T15:51:03+00:00\",\"dateModified\":\"2025-07-18T07:32:08+00:00\",\"description\":\"Cursos d'Educaci\u00f3 Emocional i neuropsicologia per a docents, homologats com a formaci\u00f3 permanent del professorat\",\"breadcrumb\":{\"@id\":\"https:\\\/\\\/iddocente.com\\\/ca\\\/educacio-emocional-i-neuropsicologia\\\/#breadcrumb\"},\"inLanguage\":\"ca\",\"potentialAction\":[{\"@type\":\"ReadAction\",\"target\":[\"https:\\\/\\\/iddocente.com\\\/ca\\\/educacio-emocional-i-neuropsicologia\\\/\"]}]},{\"@type\":\"BreadcrumbList\",\"@id\":\"https:\\\/\\\/iddocente.com\\\/ca\\\/educacio-emocional-i-neuropsicologia\\\/#breadcrumb\",\"itemListElement\":[{\"@type\":\"ListItem\",\"position\":1,\"name\":\"Portada\",\"item\":\"https:\\\/\\\/iddocente.com\\\/ca\\\/\"},{\"@type\":\"ListItem\",\"position\":2,\"name\":\"EDUCACI\u00d3 EMOCIONAL I NEUROPSICOLOGIA\"}]},{\"@type\":\"WebSite\",\"@id\":\"https:\\\/\\\/iddocente.com\\\/#website\",\"url\":\"https:\\\/\\\/iddocente.com\\\/\",\"name\":\"idDOCENTE\",\"description\":\"Formaci\u00f3n online para docentes y centros educativos\",\"publisher\":{\"@id\":\"https:\\\/\\\/iddocente.com\\\/#organization\"},\"potentialAction\":[{\"@type\":\"SearchAction\",\"target\":{\"@type\":\"EntryPoint\",\"urlTemplate\":\"https:\\\/\\\/iddocente.com\\\/?s={search_term_string}\"},\"query-input\":{\"@type\":\"PropertyValueSpecification\",\"valueRequired\":true,\"valueName\":\"search_term_string\"}}],\"inLanguage\":\"ca\"},{\"@type\":\"Organization\",\"@id\":\"https:\\\/\\\/iddocente.com\\\/#organization\",\"name\":\"idDOCENTE\",\"url\":\"https:\\\/\\\/iddocente.com\\\/\",\"logo\":{\"@type\":\"ImageObject\",\"inLanguage\":\"ca\",\"@id\":\"https:\\\/\\\/iddocente.com\\\/#\\\/schema\\\/logo\\\/image\\\/\",\"url\":\"https:\\\/\\\/iddocente.com\\\/wp-content\\\/uploads\\\/2017\\\/01\\\/logo-colored-295x109.png\",\"contentUrl\":\"https:\\\/\\\/iddocente.com\\\/wp-content\\\/uploads\\\/2017\\\/01\\\/logo-colored-295x109.png\",\"width\":298,\"height\":110,\"caption\":\"idDOCENTE\"},\"image\":{\"@id\":\"https:\\\/\\\/iddocente.com\\\/#\\\/schema\\\/logo\\\/image\\\/\"},\"sameAs\":[\"https:\\\/\\\/www.facebook.com\\\/IDDInnovacionDesarrolloDocente\",\"https:\\\/\\\/x.com\\\/id_DOCENTE\",\"https:\\\/\\\/www.instagram.com\\\/iddocente\\\/\",\"https:\\\/\\\/www.linkedin.com\\\/company\\\/iddocente\\\/\"]}]}<\/script>\n<!-- \/ Yoast SEO plugin. -->","yoast_head_json":{"title":"Formaci\u00f3 del professorat: Educaci\u00f3 Emocional | idDOCENTE","description":"Cursos d'Educaci\u00f3 Emocional i neuropsicologia per a docents, homologats com a formaci\u00f3 permanent del professorat","robots":{"index":"index","follow":"follow","max-snippet":"max-snippet:-1","max-image-preview":"max-image-preview:large","max-video-preview":"max-video-preview:-1"},"canonical":"https:\/\/iddocente.com\/ca\/educacio-emocional-i-neuropsicologia\/","og_locale":"ca_ES","og_type":"article","og_title":"Formaci\u00f3 del professorat: Educaci\u00f3 Emocional | idDOCENTE","og_description":"Cursos d'Educaci\u00f3 Emocional i neuropsicologia per a docents, homologats com a formaci\u00f3 permanent del professorat","og_url":"https:\/\/iddocente.com\/ca\/educacio-emocional-i-neuropsicologia\/","og_site_name":"idDOCENTE","article_publisher":"https:\/\/www.facebook.com\/IDDInnovacionDesarrolloDocente","article_modified_time":"2025-07-18T07:32:08+00:00","twitter_card":"summary_large_image","twitter_site":"@id_DOCENTE","twitter_misc":{"Temps estimat de lectura":"2 minuts"},"schema":{"@context":"https:\/\/schema.org","@graph":[{"@type":"WebPage","@id":"https:\/\/iddocente.com\/ca\/educacio-emocional-i-neuropsicologia\/","url":"https:\/\/iddocente.com\/ca\/educacio-emocional-i-neuropsicologia\/","name":"Formaci\u00f3 del professorat: Educaci\u00f3 Emocional | idDOCENTE","isPartOf":{"@id":"https:\/\/iddocente.com\/#website"},"datePublished":"2022-12-29T15:51:03+00:00","dateModified":"2025-07-18T07:32:08+00:00","description":"Cursos d'Educaci\u00f3 Emocional i neuropsicologia per a docents, homologats com a formaci\u00f3 permanent del professorat","breadcrumb":{"@id":"https:\/\/iddocente.com\/ca\/educacio-emocional-i-neuropsicologia\/#breadcrumb"},"inLanguage":"ca","potentialAction":[{"@type":"ReadAction","target":["https:\/\/iddocente.com\/ca\/educacio-emocional-i-neuropsicologia\/"]}]},{"@type":"BreadcrumbList","@id":"https:\/\/iddocente.com\/ca\/educacio-emocional-i-neuropsicologia\/#breadcrumb","itemListElement":[{"@type":"ListItem","position":1,"name":"Portada","item":"https:\/\/iddocente.com\/ca\/"},{"@type":"ListItem","position":2,"name":"EDUCACI\u00d3 EMOCIONAL I NEUROPSICOLOGIA"}]},{"@type":"WebSite","@id":"https:\/\/iddocente.com\/#website","url":"https:\/\/iddocente.com\/","name":"idDOCENTE","description":"Formaci\u00f3n online para docentes y centros educativos","publisher":{"@id":"https:\/\/iddocente.com\/#organization"},"potentialAction":[{"@type":"SearchAction","target":{"@type":"EntryPoint","urlTemplate":"https:\/\/iddocente.com\/?s={search_term_string}"},"query-input":{"@type":"PropertyValueSpecification","valueRequired":true,"valueName":"search_term_string"}}],"inLanguage":"ca"},{"@type":"Organization","@id":"https:\/\/iddocente.com\/#organization","name":"idDOCENTE","url":"https:\/\/iddocente.com\/","logo":{"@type":"ImageObject","inLanguage":"ca","@id":"https:\/\/iddocente.com\/#\/schema\/logo\/image\/","url":"https:\/\/iddocente.com\/wp-content\/uploads\/2017\/01\/logo-colored-295x109.png","contentUrl":"https:\/\/iddocente.com\/wp-content\/uploads\/2017\/01\/logo-colored-295x109.png","width":298,"height":110,"caption":"idDOCENTE"},"image":{"@id":"https:\/\/iddocente.com\/#\/schema\/logo\/image\/"},"sameAs":["https:\/\/www.facebook.com\/IDDInnovacionDesarrolloDocente","https:\/\/x.com\/id_DOCENTE","https:\/\/www.instagram.com\/iddocente\/","https:\/\/www.linkedin.com\/company\/iddocente\/"]}]}},"_links":{"self":[{"href":"https:\/\/iddocente.com\/ca\/wp-json\/wp\/v2\/pages\/23736","targetHints":{"allow":["GET"]}}],"collection":[{"href":"https:\/\/iddocente.com\/ca\/wp-json\/wp\/v2\/pages"}],"about":[{"href":"https:\/\/iddocente.com\/ca\/wp-json\/wp\/v2\/types\/page"}],"author":[{"embeddable":true,"href":"https:\/\/iddocente.com\/ca\/wp-json\/wp\/v2\/users\/2"}],"replies":[{"embeddable":true,"href":"https:\/\/iddocente.com\/ca\/wp-json\/wp\/v2\/comments?post=23736"}],"version-history":[{"count":10,"href":"https:\/\/iddocente.com\/ca\/wp-json\/wp\/v2\/pages\/23736\/revisions"}],"predecessor-version":[{"id":44777,"href":"https:\/\/iddocente.com\/ca\/wp-json\/wp\/v2\/pages\/23736\/revisions\/44777"}],"wp:attachment":[{"href":"https:\/\/iddocente.com\/ca\/wp-json\/wp\/v2\/media?parent=23736"}],"curies":[{"name":"wp","href":"https:\/\/api.w.org\/{rel}","templated":true}]}}