{"id":23732,"date":"2020-11-19T10:21:40","date_gmt":"2020-11-19T09:21:40","guid":{"rendered":"https:\/\/iddocente.com\/programacio-i-robotica\/"},"modified":"2025-07-18T09:30:00","modified_gmt":"2025-07-18T07:30:00","slug":"programacio-i-robotica","status":"publish","type":"page","link":"https:\/\/iddocente.com\/ca\/programacio-i-robotica\/","title":{"rendered":"PROGRAMACI\u00d3 I ROB\u00d2TICA"},"content":{"rendered":"\t\t<div data-elementor-type=\"wp-page\" data-elementor-id=\"23732\" class=\"elementor elementor-23732 elementor-10918\" data-elementor-post-type=\"page\">\n\t\t\t\t\t\t<section data-dce-background-color=\"#4052A0\" data-dce-background-overlay-color=\"#293171\" data-dce-background-image-url=\"https:\/\/iddocente.com\/wp-content\/uploads\/2025\/07\/cabecera_programacion_robotica_g.jpg\" class=\"elementor-section elementor-top-section elementor-element elementor-element-2945ce94 elementor-section-height-min-height elementor-section-boxed elementor-section-height-default elementor-section-items-middle\" data-id=\"2945ce94\" data-element_type=\"section\" data-e-type=\"section\" data-settings=\"{&quot;background_background&quot;:&quot;classic&quot;}\">\n\t\t\t\t\t\t\t<div class=\"elementor-background-overlay\"><\/div>\n\t\t\t\t\t\t\t<div class=\"elementor-container elementor-column-gap-default\">\n\t\t\t\t\t<div class=\"elementor-column elementor-col-100 elementor-top-column elementor-element elementor-element-5cdf833b\" data-id=\"5cdf833b\" data-element_type=\"column\" data-e-type=\"column\">\n\t\t\t<div class=\"elementor-widget-wrap elementor-element-populated\">\n\t\t\t\t\t\t\t<\/div>\n\t\t<\/div>\n\t\t\t\t\t<\/div>\n\t\t<\/section>\n\t\t<div class=\"elementor-element elementor-element-623c5ae e-flex e-con-boxed e-con e-parent\" data-id=\"623c5ae\" data-element_type=\"container\" data-e-type=\"container\">\n\t\t\t\t\t<div class=\"e-con-inner\">\n\t\t\t\t<div data-dce-title-color=\"#293171\" class=\"elementor-element elementor-element-7425c34 animated-slow elementor-widget elementor-widget-heading\" data-id=\"7425c34\" data-element_type=\"widget\" data-e-type=\"widget\" data-settings=\"{&quot;_animation&quot;:&quot;none&quot;}\" data-widget_type=\"heading.default\">\n\t\t\t\t<div class=\"elementor-widget-container\">\n\t\t\t\t\t<h1 class=\"elementor-heading-title elementor-size-default\">Programaci\u00f3 i rob\u00f2tica<\/h1>\t\t\t\t<\/div>\n\t\t\t\t<\/div>\n\t\t\t\t\t<\/div>\n\t\t\t\t<\/div>\n\t\t\t\t<section class=\"elementor-section elementor-top-section elementor-element elementor-element-5fb8505b elementor-section-boxed elementor-section-height-default elementor-section-height-default\" data-id=\"5fb8505b\" data-element_type=\"section\" data-e-type=\"section\">\n\t\t\t\t\t\t<div class=\"elementor-container elementor-column-gap-default\">\n\t\t\t\t\t<div class=\"elementor-column elementor-col-100 elementor-top-column elementor-element elementor-element-2460bf15\" data-id=\"2460bf15\" data-element_type=\"column\" data-e-type=\"column\">\n\t\t\t<div class=\"elementor-widget-wrap elementor-element-populated\">\n\t\t\t\t\t\t<div class=\"elementor-element elementor-element-230a20e1 elementor-widget elementor-widget-text-editor\" data-id=\"230a20e1\" data-element_type=\"widget\" data-e-type=\"widget\" data-widget_type=\"text-editor.default\">\n\t\t\t\t<div class=\"elementor-widget-container\">\n\t\t\t\t\t\t\t\t\t<p>En el futur, l&#8217;habilitat per a programar ser\u00e0 gaireb\u00e9 indispensable per a la majoria de les persones i crucial per a les ocupacions emergents. De fet, el pensament computacional s&#8217;ha convertit en una <mark>compet\u00e8ncia fonamental per als alumnes<\/mark> sent una prioritat de capacitaci\u00f3 en molts pa\u00efsos.<\/p><p>L&#8217;aplicaci\u00f3 del pensament computacional i l&#8217;\u00fas de robots representen desafiaments emocionants per als docents. D&#8217;una banda, poden dinamitzar i fer m\u00e9s atractives les classes, mentre <mark>fomenten un enfocament anal\u00edtic i de resoluci\u00f3 de problemes<\/mark> en el pensament dels alumnes.<\/p>\t\t\t\t\t\t\t\t<\/div>\n\t\t\t\t<\/div>\n\t\t\t\t\t<\/div>\n\t\t<\/div>\n\t\t\t\t\t<\/div>\n\t\t<\/section>\n\t\t\t\t<section class=\"elementor-section elementor-top-section elementor-element elementor-element-3d352b18 elementor-section-boxed elementor-section-height-default elementor-section-height-default\" data-id=\"3d352b18\" data-element_type=\"section\" data-e-type=\"section\">\n\t\t\t\t\t\t<div class=\"elementor-container elementor-column-gap-default\">\n\t\t\t\t\t<div class=\"elementor-column elementor-col-100 elementor-top-column elementor-element elementor-element-52443a77\" data-id=\"52443a77\" data-element_type=\"column\" data-e-type=\"column\">\n\t\t\t<div class=\"elementor-widget-wrap elementor-element-populated\">\n\t\t\t\t\t\t<div class=\"elementor-element elementor-element-3199cc2a elementor-posts--align-center elementor-grid-3 elementor-grid-tablet-2 elementor-grid-mobile-1 elementor-posts--thumbnail-top elementor-widget elementor-widget-posts\" data-id=\"3199cc2a\" data-element_type=\"widget\" data-e-type=\"widget\" data-settings=\"{&quot;classic_columns&quot;:&quot;3&quot;,&quot;classic_columns_tablet&quot;:&quot;2&quot;,&quot;classic_columns_mobile&quot;:&quot;1&quot;,&quot;classic_row_gap&quot;:{&quot;unit&quot;:&quot;px&quot;,&quot;size&quot;:35,&quot;sizes&quot;:[]},&quot;classic_row_gap_tablet&quot;:{&quot;unit&quot;:&quot;px&quot;,&quot;size&quot;:&quot;&quot;,&quot;sizes&quot;:[]},&quot;classic_row_gap_mobile&quot;:{&quot;unit&quot;:&quot;px&quot;,&quot;size&quot;:&quot;&quot;,&quot;sizes&quot;:[]}}\" data-widget_type=\"posts.classic\">\n\t\t\t\t<div class=\"elementor-widget-container\">\n\t\t\t\t\t\t\t<div class=\"elementor-posts-container elementor-posts elementor-posts--skin-classic elementor-grid\" role=\"list\">\n\t\t\t\t<article class=\"elementor-post elementor-grid-item post-24044 formacion type-formacion status-publish has-post-thumbnail hentry categoria-programacio-i-robotica-ca etiquetas-arago-ca etiquetas-intensiu-ca etiquetas-usj etiquetas-valencia-ca\" role=\"listitem\">\n\t\t\t\t<a class=\"elementor-post__thumbnail__link\" href=\"https:\/\/iddocente.com\/ca\/formacion\/curs-online-pensament-computacional-educacio\/\" tabindex=\"-1\" >\n\t\t\t<div class=\"elementor-post__thumbnail\"><img fetchpriority=\"high\" decoding=\"async\" width=\"1024\" height=\"538\" src=\"https:\/\/iddocente.com\/wp-content\/uploads\/2023\/09\/curs_online_pensament_computacional_cat_24-1024x538.jpg\" class=\"attachment-large size-large wp-image-28230\" alt=\"curs pensament computacional\" srcset=\"https:\/\/iddocente.com\/wp-content\/uploads\/2023\/09\/curs_online_pensament_computacional_cat_24-1024x538.jpg 1024w, https:\/\/iddocente.com\/wp-content\/uploads\/2023\/09\/curs_online_pensament_computacional_cat_24-840x441.jpg 840w, https:\/\/iddocente.com\/wp-content\/uploads\/2023\/09\/curs_online_pensament_computacional_cat_24-300x158.jpg 300w, https:\/\/iddocente.com\/wp-content\/uploads\/2023\/09\/curs_online_pensament_computacional_cat_24-768x403.jpg 768w, https:\/\/iddocente.com\/wp-content\/uploads\/2023\/09\/curs_online_pensament_computacional_cat_24-370x193.jpg 370w, https:\/\/iddocente.com\/wp-content\/uploads\/2023\/09\/curs_online_pensament_computacional_cat_24-600x315.jpg 600w, https:\/\/iddocente.com\/wp-content\/uploads\/2023\/09\/curs_online_pensament_computacional_cat_24-640x336.jpg 640w, https:\/\/iddocente.com\/wp-content\/uploads\/2023\/09\/curs_online_pensament_computacional_cat_24.jpg 1200w\" sizes=\"(max-width: 1024px) 100vw, 1024px\" \/><\/div>\n\t\t<\/a>\n\t\t\t\t<div class=\"elementor-post__text\">\n\t\t\t\t<h3 class=\"elementor-post__title\">\n\t\t\t<a href=\"https:\/\/iddocente.com\/ca\/formacion\/curs-online-pensament-computacional-educacio\/\" >\n\t\t\t\tCurs online de pensament computacional en l&#8217;educaci\u00f3\t\t\t<\/a>\n\t\t<\/h3>\n\t\t\t\t<\/div>\n\t\t\t\t<\/article>\n\t\t\t\t<article class=\"elementor-post elementor-grid-item post-24047 formacion type-formacion status-publish has-post-thumbnail hentry categoria-programacio-i-robotica-ca etiquetas-arago-ca etiquetas-intensiu-ca etiquetas-usj etiquetas-valencia-ca\" role=\"listitem\">\n\t\t\t\t<a class=\"elementor-post__thumbnail__link\" href=\"https:\/\/iddocente.com\/ca\/formacion\/curs-online-programacio-robotica-aplicada-educacio\/\" tabindex=\"-1\" >\n\t\t\t<div class=\"elementor-post__thumbnail\"><img decoding=\"async\" width=\"1024\" height=\"538\" src=\"https:\/\/iddocente.com\/wp-content\/uploads\/2023\/09\/curs_online_programacio_robotica_cat_24-1024x538.jpg\" class=\"attachment-large size-large wp-image-28232\" alt=\"curs programaci\u00f3 rob\u00f2tica\" srcset=\"https:\/\/iddocente.com\/wp-content\/uploads\/2023\/09\/curs_online_programacio_robotica_cat_24-1024x538.jpg 1024w, https:\/\/iddocente.com\/wp-content\/uploads\/2023\/09\/curs_online_programacio_robotica_cat_24-840x441.jpg 840w, https:\/\/iddocente.com\/wp-content\/uploads\/2023\/09\/curs_online_programacio_robotica_cat_24-300x158.jpg 300w, https:\/\/iddocente.com\/wp-content\/uploads\/2023\/09\/curs_online_programacio_robotica_cat_24-768x403.jpg 768w, https:\/\/iddocente.com\/wp-content\/uploads\/2023\/09\/curs_online_programacio_robotica_cat_24-370x193.jpg 370w, https:\/\/iddocente.com\/wp-content\/uploads\/2023\/09\/curs_online_programacio_robotica_cat_24-600x315.jpg 600w, https:\/\/iddocente.com\/wp-content\/uploads\/2023\/09\/curs_online_programacio_robotica_cat_24-640x336.jpg 640w, https:\/\/iddocente.com\/wp-content\/uploads\/2023\/09\/curs_online_programacio_robotica_cat_24.jpg 1200w\" sizes=\"(max-width: 1024px) 100vw, 1024px\" \/><\/div>\n\t\t<\/a>\n\t\t\t\t<div class=\"elementor-post__text\">\n\t\t\t\t<h3 class=\"elementor-post__title\">\n\t\t\t<a href=\"https:\/\/iddocente.com\/ca\/formacion\/curs-online-programacio-robotica-aplicada-educacio\/\" >\n\t\t\t\tCurs online de programaci\u00f3 i rob\u00f2tica aplicada a l&#8217;educaci\u00f3\t\t\t<\/a>\n\t\t<\/h3>\n\t\t\t\t<\/div>\n\t\t\t\t<\/article>\n\t\t\t\t<\/div>\n\t\t\n\t\t\t\t\t\t<\/div>\n\t\t\t\t<\/div>\n\t\t\t\t\t<\/div>\n\t\t<\/div>\n\t\t\t\t\t<\/div>\n\t\t<\/section>\n\t\t\t\t<section class=\"elementor-section elementor-top-section elementor-element elementor-element-1c8a62b7 elementor-section-full_width elementor-section-height-default elementor-section-height-default\" data-id=\"1c8a62b7\" data-element_type=\"section\" data-e-type=\"section\">\n\t\t\t\t\t\t\t<div class=\"elementor-background-overlay\"><\/div>\n\t\t\t\t\t\t\t<div class=\"elementor-container elementor-column-gap-default\">\n\t\t\t\t\t<div class=\"elementor-column elementor-col-100 elementor-top-column elementor-element elementor-element-182f61e\" data-id=\"182f61e\" data-element_type=\"column\" data-e-type=\"column\">\n\t\t\t<div class=\"elementor-widget-wrap elementor-element-populated\">\n\t\t\t\t\t\t<div class=\"elementor-element elementor-element-560fc4c elementor-widget elementor-widget-template\" data-id=\"560fc4c\" data-element_type=\"widget\" data-e-type=\"widget\" data-widget_type=\"template.default\">\n\t\t\t\t<div class=\"elementor-widget-container\">\n\t\t\t\t\t\t\t<div class=\"elementor-template\">\n\t\t\t\t\t<div data-elementor-type=\"section\" data-elementor-id=\"24900\" class=\"elementor elementor-24900 elementor-24854 elementor-24854\" data-elementor-post-type=\"elementor_library\">\n\t\t\t\t\t<section class=\"elementor-section elementor-top-section elementor-element elementor-element-81efcc9 elementor-section-full_width elementor-section-height-default elementor-section-height-default\" data-id=\"81efcc9\" data-element_type=\"section\" data-e-type=\"section\" data-settings=\"{&quot;animation&quot;:&quot;none&quot;}\">\n\t\t\t\t\t\t\t<div class=\"elementor-background-overlay\"><\/div>\n\t\t\t\t\t\t\t<div class=\"elementor-container elementor-column-gap-no\">\n\t\t\t\t\t<div class=\"elementor-column elementor-col-100 elementor-top-column elementor-element elementor-element-2e0dba2\" data-id=\"2e0dba2\" data-element_type=\"column\" data-e-type=\"column\">\n\t\t\t<div class=\"elementor-widget-wrap elementor-element-populated\">\n\t\t\t\t\t\t<div data-dce-title-color=\"#FFFFFF\" class=\"elementor-element elementor-element-563be7f elementor-cta--layout-image-left elementor-cta--mobile-layout-image-above elementor-cta--valign-middle elementor-cta--skin-classic elementor-animated-content elementor-widget elementor-widget-call-to-action\" data-id=\"563be7f\" data-element_type=\"widget\" data-e-type=\"widget\" data-settings=\"{&quot;_animation&quot;:&quot;none&quot;}\" data-widget_type=\"call-to-action.default\">\n\t\t\t\t<div class=\"elementor-widget-container\">\n\t\t\t\t\t\t\t<div class=\"elementor-cta\">\n\t\t\t\t\t<div class=\"elementor-cta__bg-wrapper\">\n\t\t\t\t<div class=\"elementor-cta__bg elementor-bg\" style=\"background-image: url(https:\/\/iddocente.com\/wp-content\/uploads\/2026\/02\/cursos_online_docentes_mar26_abr26-1-1024x656.jpg);\" role=\"img\" aria-label=\"cursos online per a docents\"><\/div>\n\t\t\t\t<div class=\"elementor-cta__bg-overlay\"><\/div>\n\t\t\t<\/div>\n\t\t\t\t\t\t\t<div class=\"elementor-cta__content\">\n\t\t\t\t\n\t\t\t\t\t\t\t\t\t<h2 class=\"elementor-cta__title elementor-cta__content-item elementor-content-item\">\n\t\t\t\t\t\tOferta formativa\t\t\t\t\t<\/h2>\n\t\t\t\t\n\t\t\t\t\n\t\t\t\t\t\t\t\t\t<div class=\"elementor-cta__button-wrapper elementor-cta__content-item elementor-content-item \">\n\t\t\t\t\t<a class=\"elementor-cta__button elementor-button elementor-size-\" href=\"https:\/\/documentacion.iddocente.com\/idd\/idDOCENTE_Formacio_online_del_professorat.pdf\">\n\t\t\t\t\t\tCAT\u00c0LEG FORMACI\u00d3\t\t\t\t\t<\/a>\n\t\t\t\t\t<\/div>\n\t\t\t\t\t\t\t<\/div>\n\t\t\t\t\t\t<\/div>\n\t\t\t\t\t\t<\/div>\n\t\t\t\t<\/div>\n\t\t\t\t\t<\/div>\n\t\t<\/div>\n\t\t\t\t\t<\/div>\n\t\t<\/section>\n\t\t\t\t<\/div>\n\t\t\t\t<\/div>\n\t\t\t\t\t\t<\/div>\n\t\t\t\t<\/div>\n\t\t\t\t\t<\/div>\n\t\t<\/div>\n\t\t\t\t\t<\/div>\n\t\t<\/section>\n\t\t<div data-dce-background-color=\"#293171\" class=\"elementor-element elementor-element-90e8edd e-con-full e-flex e-con e-parent\" data-id=\"90e8edd\" data-element_type=\"container\" data-e-type=\"container\" data-settings=\"{&quot;background_background&quot;:&quot;classic&quot;}\">\n\t\t\t\t<div data-dce-title-color=\"#FFFFFF\" class=\"elementor-element elementor-element-1355c9e elementor-widget elementor-widget-heading\" data-id=\"1355c9e\" data-element_type=\"widget\" data-e-type=\"widget\" data-widget_type=\"heading.default\">\n\t\t\t\t<div class=\"elementor-widget-container\">\n\t\t\t\t\t<h2 class=\"elementor-heading-title elementor-size-default\">Necessites formaci\u00f3 per a tu o per al teu centre?<\/h2>\t\t\t\t<\/div>\n\t\t\t\t<\/div>\n\t\t\t\t<div data-dce-background-color=\"#FBC02D\" class=\"elementor-element elementor-element-7d7d9bf elementor-align-center elementor-widget elementor-widget-button\" data-id=\"7d7d9bf\" data-element_type=\"widget\" data-e-type=\"widget\" data-widget_type=\"button.default\">\n\t\t\t\t<div class=\"elementor-widget-container\">\n\t\t\t\t\t\t\t\t\t<div class=\"elementor-button-wrapper\">\n\t\t\t\t\t<a class=\"elementor-button elementor-button-link elementor-size-lg elementor-animation-grow\" href=\"https:\/\/iddocente.com\/ca\/contacte\/\">\n\t\t\t\t\t\t<span class=\"elementor-button-content-wrapper\">\n\t\t\t\t\t\t\t\t\t<span class=\"elementor-button-text\">contacte<\/span>\n\t\t\t\t\t<\/span>\n\t\t\t\t\t<\/a>\n\t\t\t\t<\/div>\n\t\t\t\t\t\t\t\t<\/div>\n\t\t\t\t<\/div>\n\t\t\t\t<\/div>\n\t\t\t\t<\/div>\n\t\t","protected":false},"excerpt":{"rendered":"<p>Programaci\u00f3 i rob\u00f2tica En el futur, l&#8217;habilitat per a programar ser\u00e0 gaireb\u00e9 indispensable per a la majoria de les persones i crucial per a les<\/p>\n","protected":false},"author":2,"featured_media":0,"parent":0,"menu_order":14,"comment_status":"closed","ping_status":"closed","template":"elementor_header_footer","meta":{"_acf_changed":false,"footnotes":""},"class_list":["post-23732","page","type-page","status-publish","hentry"],"acf":[],"yoast_head":"<!-- This site is optimized with the Yoast SEO plugin v27.3 - https:\/\/yoast.com\/product\/yoast-seo-wordpress\/ -->\n<title>Formaci\u00f3 del professorat: programaci\u00f3 i rob\u00f2tica | idDOCENTE<\/title>\n<meta name=\"description\" content=\"Cursos de programaci\u00f3 i rob\u00f2tica per a docents, homologats com a formaci\u00f3 permanent del professorat, v\u00e0lids per a oposicions i trasllats\" \/>\n<meta name=\"robots\" content=\"index, follow, max-snippet:-1, max-image-preview:large, max-video-preview:-1\" \/>\n<link rel=\"canonical\" href=\"https:\/\/iddocente.com\/ca\/programacio-i-robotica\/\" \/>\n<meta property=\"og:locale\" content=\"ca_ES\" \/>\n<meta property=\"og:type\" content=\"article\" \/>\n<meta property=\"og:title\" content=\"Formaci\u00f3 del professorat: programaci\u00f3 i rob\u00f2tica | idDOCENTE\" \/>\n<meta property=\"og:description\" content=\"Cursos de programaci\u00f3 i rob\u00f2tica per a docents, homologats com a formaci\u00f3 permanent del professorat, v\u00e0lids per a oposicions i trasllats\" \/>\n<meta property=\"og:url\" content=\"https:\/\/iddocente.com\/ca\/programacio-i-robotica\/\" \/>\n<meta property=\"og:site_name\" content=\"idDOCENTE\" \/>\n<meta property=\"article:publisher\" content=\"https:\/\/www.facebook.com\/IDDInnovacionDesarrolloDocente\" \/>\n<meta property=\"article:modified_time\" content=\"2025-07-18T07:30:00+00:00\" \/>\n<meta name=\"twitter:card\" content=\"summary_large_image\" \/>\n<meta name=\"twitter:site\" content=\"@id_DOCENTE\" \/>\n<meta name=\"twitter:label1\" content=\"Temps estimat de lectura\" \/>\n\t<meta name=\"twitter:data1\" content=\"2 minuts\" \/>\n<script type=\"application\/ld+json\" class=\"yoast-schema-graph\">{\"@context\":\"https:\\\/\\\/schema.org\",\"@graph\":[{\"@type\":\"WebPage\",\"@id\":\"https:\\\/\\\/iddocente.com\\\/ca\\\/programacio-i-robotica\\\/\",\"url\":\"https:\\\/\\\/iddocente.com\\\/ca\\\/programacio-i-robotica\\\/\",\"name\":\"Formaci\u00f3 del professorat: programaci\u00f3 i rob\u00f2tica | idDOCENTE\",\"isPartOf\":{\"@id\":\"https:\\\/\\\/iddocente.com\\\/#website\"},\"datePublished\":\"2020-11-19T09:21:40+00:00\",\"dateModified\":\"2025-07-18T07:30:00+00:00\",\"description\":\"Cursos de programaci\u00f3 i rob\u00f2tica per a docents, homologats com a formaci\u00f3 permanent del professorat, v\u00e0lids per a oposicions i trasllats\",\"breadcrumb\":{\"@id\":\"https:\\\/\\\/iddocente.com\\\/ca\\\/programacio-i-robotica\\\/#breadcrumb\"},\"inLanguage\":\"ca\",\"potentialAction\":[{\"@type\":\"ReadAction\",\"target\":[\"https:\\\/\\\/iddocente.com\\\/ca\\\/programacio-i-robotica\\\/\"]}]},{\"@type\":\"BreadcrumbList\",\"@id\":\"https:\\\/\\\/iddocente.com\\\/ca\\\/programacio-i-robotica\\\/#breadcrumb\",\"itemListElement\":[{\"@type\":\"ListItem\",\"position\":1,\"name\":\"Portada\",\"item\":\"https:\\\/\\\/iddocente.com\\\/ca\\\/\"},{\"@type\":\"ListItem\",\"position\":2,\"name\":\"PROGRAMACI\u00d3 I ROB\u00d2TICA\"}]},{\"@type\":\"WebSite\",\"@id\":\"https:\\\/\\\/iddocente.com\\\/#website\",\"url\":\"https:\\\/\\\/iddocente.com\\\/\",\"name\":\"idDOCENTE\",\"description\":\"Formaci\u00f3n online para docentes y centros educativos\",\"publisher\":{\"@id\":\"https:\\\/\\\/iddocente.com\\\/#organization\"},\"potentialAction\":[{\"@type\":\"SearchAction\",\"target\":{\"@type\":\"EntryPoint\",\"urlTemplate\":\"https:\\\/\\\/iddocente.com\\\/?s={search_term_string}\"},\"query-input\":{\"@type\":\"PropertyValueSpecification\",\"valueRequired\":true,\"valueName\":\"search_term_string\"}}],\"inLanguage\":\"ca\"},{\"@type\":\"Organization\",\"@id\":\"https:\\\/\\\/iddocente.com\\\/#organization\",\"name\":\"idDOCENTE\",\"url\":\"https:\\\/\\\/iddocente.com\\\/\",\"logo\":{\"@type\":\"ImageObject\",\"inLanguage\":\"ca\",\"@id\":\"https:\\\/\\\/iddocente.com\\\/#\\\/schema\\\/logo\\\/image\\\/\",\"url\":\"https:\\\/\\\/iddocente.com\\\/wp-content\\\/uploads\\\/2017\\\/01\\\/logo-colored-295x109.png\",\"contentUrl\":\"https:\\\/\\\/iddocente.com\\\/wp-content\\\/uploads\\\/2017\\\/01\\\/logo-colored-295x109.png\",\"width\":298,\"height\":110,\"caption\":\"idDOCENTE\"},\"image\":{\"@id\":\"https:\\\/\\\/iddocente.com\\\/#\\\/schema\\\/logo\\\/image\\\/\"},\"sameAs\":[\"https:\\\/\\\/www.facebook.com\\\/IDDInnovacionDesarrolloDocente\",\"https:\\\/\\\/x.com\\\/id_DOCENTE\",\"https:\\\/\\\/www.instagram.com\\\/iddocente\\\/\",\"https:\\\/\\\/www.linkedin.com\\\/company\\\/iddocente\\\/\"]}]}<\/script>\n<!-- \/ Yoast SEO plugin. -->","yoast_head_json":{"title":"Formaci\u00f3 del professorat: programaci\u00f3 i rob\u00f2tica | idDOCENTE","description":"Cursos de programaci\u00f3 i rob\u00f2tica per a docents, homologats com a formaci\u00f3 permanent del professorat, v\u00e0lids per a oposicions i trasllats","robots":{"index":"index","follow":"follow","max-snippet":"max-snippet:-1","max-image-preview":"max-image-preview:large","max-video-preview":"max-video-preview:-1"},"canonical":"https:\/\/iddocente.com\/ca\/programacio-i-robotica\/","og_locale":"ca_ES","og_type":"article","og_title":"Formaci\u00f3 del professorat: programaci\u00f3 i rob\u00f2tica | idDOCENTE","og_description":"Cursos de programaci\u00f3 i rob\u00f2tica per a docents, homologats com a formaci\u00f3 permanent del professorat, v\u00e0lids per a oposicions i trasllats","og_url":"https:\/\/iddocente.com\/ca\/programacio-i-robotica\/","og_site_name":"idDOCENTE","article_publisher":"https:\/\/www.facebook.com\/IDDInnovacionDesarrolloDocente","article_modified_time":"2025-07-18T07:30:00+00:00","twitter_card":"summary_large_image","twitter_site":"@id_DOCENTE","twitter_misc":{"Temps estimat de lectura":"2 minuts"},"schema":{"@context":"https:\/\/schema.org","@graph":[{"@type":"WebPage","@id":"https:\/\/iddocente.com\/ca\/programacio-i-robotica\/","url":"https:\/\/iddocente.com\/ca\/programacio-i-robotica\/","name":"Formaci\u00f3 del professorat: programaci\u00f3 i rob\u00f2tica | idDOCENTE","isPartOf":{"@id":"https:\/\/iddocente.com\/#website"},"datePublished":"2020-11-19T09:21:40+00:00","dateModified":"2025-07-18T07:30:00+00:00","description":"Cursos de programaci\u00f3 i rob\u00f2tica per a docents, homologats com a formaci\u00f3 permanent del professorat, v\u00e0lids per a oposicions i trasllats","breadcrumb":{"@id":"https:\/\/iddocente.com\/ca\/programacio-i-robotica\/#breadcrumb"},"inLanguage":"ca","potentialAction":[{"@type":"ReadAction","target":["https:\/\/iddocente.com\/ca\/programacio-i-robotica\/"]}]},{"@type":"BreadcrumbList","@id":"https:\/\/iddocente.com\/ca\/programacio-i-robotica\/#breadcrumb","itemListElement":[{"@type":"ListItem","position":1,"name":"Portada","item":"https:\/\/iddocente.com\/ca\/"},{"@type":"ListItem","position":2,"name":"PROGRAMACI\u00d3 I ROB\u00d2TICA"}]},{"@type":"WebSite","@id":"https:\/\/iddocente.com\/#website","url":"https:\/\/iddocente.com\/","name":"idDOCENTE","description":"Formaci\u00f3n online para docentes y centros educativos","publisher":{"@id":"https:\/\/iddocente.com\/#organization"},"potentialAction":[{"@type":"SearchAction","target":{"@type":"EntryPoint","urlTemplate":"https:\/\/iddocente.com\/?s={search_term_string}"},"query-input":{"@type":"PropertyValueSpecification","valueRequired":true,"valueName":"search_term_string"}}],"inLanguage":"ca"},{"@type":"Organization","@id":"https:\/\/iddocente.com\/#organization","name":"idDOCENTE","url":"https:\/\/iddocente.com\/","logo":{"@type":"ImageObject","inLanguage":"ca","@id":"https:\/\/iddocente.com\/#\/schema\/logo\/image\/","url":"https:\/\/iddocente.com\/wp-content\/uploads\/2017\/01\/logo-colored-295x109.png","contentUrl":"https:\/\/iddocente.com\/wp-content\/uploads\/2017\/01\/logo-colored-295x109.png","width":298,"height":110,"caption":"idDOCENTE"},"image":{"@id":"https:\/\/iddocente.com\/#\/schema\/logo\/image\/"},"sameAs":["https:\/\/www.facebook.com\/IDDInnovacionDesarrolloDocente","https:\/\/x.com\/id_DOCENTE","https:\/\/www.instagram.com\/iddocente\/","https:\/\/www.linkedin.com\/company\/iddocente\/"]}]}},"_links":{"self":[{"href":"https:\/\/iddocente.com\/ca\/wp-json\/wp\/v2\/pages\/23732","targetHints":{"allow":["GET"]}}],"collection":[{"href":"https:\/\/iddocente.com\/ca\/wp-json\/wp\/v2\/pages"}],"about":[{"href":"https:\/\/iddocente.com\/ca\/wp-json\/wp\/v2\/types\/page"}],"author":[{"embeddable":true,"href":"https:\/\/iddocente.com\/ca\/wp-json\/wp\/v2\/users\/2"}],"replies":[{"embeddable":true,"href":"https:\/\/iddocente.com\/ca\/wp-json\/wp\/v2\/comments?post=23732"}],"version-history":[{"count":10,"href":"https:\/\/iddocente.com\/ca\/wp-json\/wp\/v2\/pages\/23732\/revisions"}],"predecessor-version":[{"id":44774,"href":"https:\/\/iddocente.com\/ca\/wp-json\/wp\/v2\/pages\/23732\/revisions\/44774"}],"wp:attachment":[{"href":"https:\/\/iddocente.com\/ca\/wp-json\/wp\/v2\/media?parent=23732"}],"curies":[{"name":"wp","href":"https:\/\/api.w.org\/{rel}","templated":true}]}}