{"id":23340,"date":"2020-01-21T17:49:55","date_gmt":"2020-01-21T16:49:55","guid":{"rendered":"https:\/\/iddocente.com\/politica-de-privadesa\/"},"modified":"2025-01-22T09:25:39","modified_gmt":"2025-01-22T08:25:39","slug":"politica-de-privadesa","status":"publish","type":"page","link":"https:\/\/iddocente.com\/ca\/politica-de-privadesa\/","title":{"rendered":"POL\u00cdTICA DE PRIVADESA"},"content":{"rendered":"\t\t<div data-elementor-type=\"wp-page\" data-elementor-id=\"23340\" class=\"elementor elementor-23340 elementor-5719\" data-elementor-post-type=\"page\">\n\t\t\t\t\t\t<section class=\"elementor-section elementor-top-section elementor-element elementor-element-7b2c2de2 elementor-section-boxed elementor-section-height-default elementor-section-height-default\" data-id=\"7b2c2de2\" data-element_type=\"section\" data-e-type=\"section\">\n\t\t\t\t\t\t<div class=\"elementor-container elementor-column-gap-default\">\n\t\t\t\t\t<div class=\"elementor-column elementor-col-100 elementor-top-column elementor-element elementor-element-7b81e490\" data-id=\"7b81e490\" data-element_type=\"column\" data-e-type=\"column\">\n\t\t\t<div class=\"elementor-widget-wrap elementor-element-populated\">\n\t\t\t\t\t\t<div data-dce-text-color=\"#555555\" class=\"elementor-element elementor-element-584a5dec elementor-widget elementor-widget-text-editor\" data-id=\"584a5dec\" data-element_type=\"widget\" data-e-type=\"widget\" data-widget_type=\"text-editor.default\">\n\t\t\t\t<div class=\"elementor-widget-container\">\n\t\t\t\t\t\t\t\t\t<p style=\"text-align: left;\"><span style=\"color: #293171;\"><strong>Pol\u00edtica de Privadesa: informaci\u00f3 addicional sobre Protecci\u00f3 de Dades<\/strong><\/span><\/p><p style=\"text-align: left;\">Innovaci\u00f3n y Desarrollo Docente, S.L. i Asociaci\u00f3n Innovaci\u00f3n y Desarrollo Docente posa a la teva disposici\u00f3 la informaci\u00f3 addicional concernent al tractament de les teves dades personals, tal com estableix la normativa en la mat\u00e8ria: REGLAMENT (UE) 2016\/679 DEL PARLAMENT EUROPEU I DEL CONSELL de 27 d&#8217;abril de 2016 (RGPD). En aquest sentit i alineat amb la pol\u00edtica de privadesa de Innovaci\u00f3n y Desarrollo Docente, S.L. basada en el model d&#8217;informaci\u00f3 per capes o nivells, a continuaci\u00f3, recollim la informaci\u00f3 addicional (segon nivell) on es presenta amb detall la informaci\u00f3 b\u00e0sica relativa al tractament de dades que has de con\u00e9ixer.<\/p><p style=\"text-align: left;\"><strong>Dades del responsable del tractament de les dades personals<\/strong><\/p><p style=\"text-align: left;\">El responsable del tractament de les dades recaptades a trav\u00e9s del lloc web www.iddocente.com (d&#8217;ara en avant, la \u201cWeb\u201d o el \u201cLloc web\u201d) \u00e9s Innovaci\u00f3n y Desarrollo Docente, S.L. i Asociaci\u00f3n Innovaci\u00f3n y Desarrollo Docente, (d&#8217;ara en avant \u201cidDOCENTE\u201d) amb CIF B67572115, amb domicili a Sant Cugat del Vall\u00e8s (Barcelona), Vallsolana Garden Business Park (Edificio Vinson) Cam\u00ed de Can Camps, 17-19, i inscrita en el Registre Mercantil de Barcelona, Tom 47213, Foli 125, Fulla 544896, inscripci\u00f3 1a.<\/p><p style=\"text-align: left;\">Pots posar-te en contacte amb idDOCENTE, per a qualsevol aspecte relacionat amb aquesta pol\u00edtica de privadesa, en l&#8217;adre\u00e7a de correu electr\u00f2nic: info@iddocente.com<\/p><p style=\"text-align: left;\"><strong>Amb quina finalitat tractem les teves dades personals?<\/strong><\/p><p style=\"text-align: left;\">En idDOCENTE tractarem les teues dades personals, recaptats a trav\u00e9s del Lloc web amb les seg\u00fcents finalitats:<\/p><ul><li style=\"text-align: left;\">En cas de contractaci\u00f3 dels serveis oferits a trav\u00e9s del Lloc web, per a mantindre la relaci\u00f3 contractual, aix\u00ed com la gesti\u00f3, administraci\u00f3, informaci\u00f3, prestaci\u00f3 i millora del servei.<\/li><li style=\"text-align: left;\">Enviament d&#8217;informaci\u00f3 sol\u00b7licitada a trav\u00e9s dels formularis disposats en el Lloc web.<\/li><li style=\"text-align: left;\">Remetre butlletins (newsletters), aix\u00ed com comunicacions comercials de promocions i\/o publicitat del Lloc web i del sector educatiu.<\/li><\/ul><p style=\"text-align: left;\">Et recordem que pots oposar-te a l&#8217;enviament de comunicacions comercials per qualsevol via i en qualsevol moment, remetent un correu electr\u00f2nic a l&#8217;adre\u00e7a de correu electr\u00f2nic indicada anteriorment.<\/p><p style=\"text-align: left;\">Els camps d&#8217;aquests registres s\u00f3n d&#8217;emplenament obligatori, sent impossible realitzar les finalitats expressades si no s&#8217;aporten aquestes dades.<\/p><p style=\"text-align: left;\"><strong>Per quant temps conservem les teves dades personals?<\/strong><\/p><p style=\"text-align: left;\">Les dades personals proporcionades es conservaran mentre es mantingui la relaci\u00f3 comercial o no sol\u00b7licitis la seva supressi\u00f3 i durant el termini pel qual pogueren derivar-se responsabilitats legals pels serveis prestats.<\/p><p style=\"text-align: left;\"><strong>Quina \u00e9s la legitimaci\u00f3 per al tractament de les teves dades personals?<\/strong><\/p><p style=\"text-align: left;\">El tractament de les teves dades es realitza amb les seg\u00fcents bases jur\u00eddiques que legitimen el mateix:<\/p><ul><li style=\"text-align: left;\">La sol\u00b7licitud d&#8217;informaci\u00f3 i\/o la contractaci\u00f3 dels serveis de idDOCENTE, els termes i les condicions dels quals es posaran a la teva disposici\u00f3 en tot cas, de manera pr\u00e8via a una eventual contractaci\u00f3.<\/li><li style=\"text-align: left;\">El consentiment lliure, espec\u00edfic, informat i inequ\u00edvoc, en tant que t&#8217;informem posant a la teva disposici\u00f3 la present pol\u00edtica de privadesa que despr\u00e9s de la lectura d&#8217;aquesta, en cas d&#8217;estar conforme, pots acceptar mitjan\u00e7ant una declaraci\u00f3 o una clara acci\u00f3 afirmativa, com el marcat d&#8217;una casella disposada a aquest efecte.<\/li><\/ul><p style=\"text-align: left;\">En cas que no ens facilitis les teves dades o ho facis de manera err\u00f2nia o incompleta, no podrem atendre la teva sol\u00b7licitud, resultant del tot impossible proporcionar-te la informaci\u00f3 sol\u00b7licitada o dur a terme la contractaci\u00f3 dels serveis.<\/p><p style=\"text-align: left;\"><strong>A quins destinataris es comunicaran les teves dades personals?<\/strong><\/p><p style=\"text-align: left;\">Les dades no es cediran a cap tercer ali\u00e9 a idDOCENTE, excepte obligaci\u00f3 legal.<\/p><p style=\"text-align: left;\"><strong>Quins s\u00f3n els teus drets quan ens facilites les teves dades personals?<\/strong><\/p><p style=\"text-align: left;\">Com a interessat que ens has proporcionat les teves dades personals, tens ple dret a obtindre confirmaci\u00f3 sobre si en idDOCENTE estem tractant les teves dades personals, i en concret est\u00e0s facultat per a exercitar els seg\u00fcents drets que la normativa en mat\u00e8ria de protecci\u00f3 de dades et reconeix, conforme al que es preveu en aquesta:<\/p><ul><li style=\"text-align: left;\">Dret d&#8217;ACC\u00c9S a les teves dades personals.<\/li><li style=\"text-align: left;\">Drets de sol\u00b7licitar la RECTIFICACI\u00d3 de les dades inexactes.<\/li><li style=\"text-align: left;\">Dret de sol\u00b7licitar la seva SUPRESSI\u00d3 quan, entre altres motius, les dades ja no siguin necessaris per als fins que van ser recollits.<\/li><li style=\"text-align: left;\">En determinades circumst\u00e0ncies, podr\u00e0s sol\u00b7licitar la LIMITACI\u00d3 DEL TRACTAMENT de les teves dades, i en aquest cas \u00fanicament les conservarem per a l&#8217;exercici o la defensa de reclamacions.<\/li><li style=\"text-align: left;\">En determinades circumst\u00e0ncies i per motius relacionats amb la seva situaci\u00f3 particular, els interessats podran exercitar el seu dret d&#8217;OPOSICI\u00d3 al tractament de les seves dades. Deixarem de tractar les dades, excepte per motius leg\u00edtims imperiosos, o l&#8217;exercici o la defensa de possibles reclamacions.<\/li><li style=\"text-align: left;\">En determinades circumst\u00e0ncies i per motius relacionats amb la teva situaci\u00f3 particular, podr\u00e0s sol\u00b7licitar el seu dret a la PORTABILITAT de les dades.<\/li><\/ul><p style=\"text-align: left;\">Podr\u00e0s exercir tals drets dirigint una comunicaci\u00f3 a l&#8217;adre\u00e7a postal i\/o de correu electr\u00f2nic que es fa constar en l&#8217;apartat \u201cDades del responsable del tractament de les dades personals\u201d.<\/p><p style=\"text-align: left;\">A m\u00e9s, en cas que s&#8217;hagi vulnerat qualsevol dels teus drets, l&#8217;interessat t\u00e9 dret a presentar una reclamaci\u00f3 davant l&#8217;Ag\u00e8ncia Espanyola de Protecci\u00f3 de Dades (AEPD), en C\/ Jorge Juan n\u00fam. 6 (28001) Madrid o a trav\u00e9s de la seu electr\u00f2nica de l&#8217;AEPD.<\/p>\t\t\t\t\t\t\t\t<\/div>\n\t\t\t\t<\/div>\n\t\t\t\t\t<\/div>\n\t\t<\/div>\n\t\t\t\t\t<\/div>\n\t\t<\/section>\n\t\t\t\t<\/div>\n\t\t","protected":false},"excerpt":{"rendered":"<p>Pol\u00edtica de Privadesa: informaci\u00f3 addicional sobre Protecci\u00f3 de Dades Innovaci\u00f3n y Desarrollo Docente, S.L. i Asociaci\u00f3n Innovaci\u00f3n y Desarrollo Docente posa a la teva disposici\u00f3 la informaci\u00f3 addicional concernent al tractament de les teves dades personals, tal com estableix la normativa en la mat\u00e8ria: REGLAMENT (UE) 2016\/679 DEL PARLAMENT EUROPEU I DEL CONSELL de 27 [&hellip;]<\/p>\n","protected":false},"author":2,"featured_media":0,"parent":0,"menu_order":22,"comment_status":"closed","ping_status":"closed","template":"","meta":{"_acf_changed":false,"footnotes":""},"class_list":["post-23340","page","type-page","status-publish","hentry"],"acf":[],"yoast_head":"<!-- This site is optimized with the Yoast SEO plugin v27.3 - https:\/\/yoast.com\/product\/yoast-seo-wordpress\/ -->\n<title>Pol\u00edtica de privadesa | idDOCENTE<\/title>\n<meta name=\"description\" content=\"idDOCENTE \u00e9s l&#039;escola de formaci\u00f3 online per al desenvolupament professional dels nous docents del segle XXI\" \/>\n<meta name=\"robots\" content=\"noindex, follow\" \/>\n<meta property=\"og:locale\" content=\"ca_ES\" \/>\n<meta property=\"og:type\" content=\"article\" \/>\n<meta property=\"og:title\" content=\"Pol\u00edtica de privadesa | idDOCENTE\" \/>\n<meta property=\"og:description\" content=\"idDOCENTE \u00e9s l&#039;escola de formaci\u00f3 online per al desenvolupament professional dels nous docents del segle XXI\" \/>\n<meta property=\"og:url\" content=\"https:\/\/iddocente.com\/ca\/politica-de-privadesa\/\" \/>\n<meta property=\"og:site_name\" content=\"idDOCENTE\" \/>\n<meta property=\"article:publisher\" content=\"https:\/\/www.facebook.com\/IDDInnovacionDesarrolloDocente\" \/>\n<meta property=\"article:modified_time\" content=\"2025-01-22T08:25:39+00:00\" \/>\n<meta name=\"twitter:card\" content=\"summary_large_image\" \/>\n<meta name=\"twitter:site\" content=\"@id_DOCENTE\" \/>\n<meta name=\"twitter:label1\" content=\"Temps estimat de lectura\" \/>\n\t<meta name=\"twitter:data1\" content=\"5 minuts\" \/>\n<script type=\"application\/ld+json\" class=\"yoast-schema-graph\">{\"@context\":\"https:\\\/\\\/schema.org\",\"@graph\":[{\"@type\":\"WebPage\",\"@id\":\"https:\\\/\\\/iddocente.com\\\/ca\\\/politica-de-privadesa\\\/\",\"url\":\"https:\\\/\\\/iddocente.com\\\/ca\\\/politica-de-privadesa\\\/\",\"name\":\"Pol\u00edtica de privadesa | idDOCENTE\",\"isPartOf\":{\"@id\":\"https:\\\/\\\/iddocente.com\\\/#website\"},\"datePublished\":\"2020-01-21T16:49:55+00:00\",\"dateModified\":\"2025-01-22T08:25:39+00:00\",\"description\":\"idDOCENTE \u00e9s l'escola de formaci\u00f3 online per al desenvolupament professional dels nous docents del segle XXI\",\"breadcrumb\":{\"@id\":\"https:\\\/\\\/iddocente.com\\\/ca\\\/politica-de-privadesa\\\/#breadcrumb\"},\"inLanguage\":\"ca\",\"potentialAction\":[{\"@type\":\"ReadAction\",\"target\":[\"https:\\\/\\\/iddocente.com\\\/ca\\\/politica-de-privadesa\\\/\"]}]},{\"@type\":\"BreadcrumbList\",\"@id\":\"https:\\\/\\\/iddocente.com\\\/ca\\\/politica-de-privadesa\\\/#breadcrumb\",\"itemListElement\":[{\"@type\":\"ListItem\",\"position\":1,\"name\":\"Portada\",\"item\":\"https:\\\/\\\/iddocente.com\\\/ca\\\/\"},{\"@type\":\"ListItem\",\"position\":2,\"name\":\"POL\u00cdTICA DE PRIVADESA\"}]},{\"@type\":\"WebSite\",\"@id\":\"https:\\\/\\\/iddocente.com\\\/#website\",\"url\":\"https:\\\/\\\/iddocente.com\\\/\",\"name\":\"idDOCENTE\",\"description\":\"Formaci\u00f3n online para docentes y centros educativos\",\"publisher\":{\"@id\":\"https:\\\/\\\/iddocente.com\\\/#organization\"},\"potentialAction\":[{\"@type\":\"SearchAction\",\"target\":{\"@type\":\"EntryPoint\",\"urlTemplate\":\"https:\\\/\\\/iddocente.com\\\/?s={search_term_string}\"},\"query-input\":{\"@type\":\"PropertyValueSpecification\",\"valueRequired\":true,\"valueName\":\"search_term_string\"}}],\"inLanguage\":\"ca\"},{\"@type\":\"Organization\",\"@id\":\"https:\\\/\\\/iddocente.com\\\/#organization\",\"name\":\"idDOCENTE\",\"url\":\"https:\\\/\\\/iddocente.com\\\/\",\"logo\":{\"@type\":\"ImageObject\",\"inLanguage\":\"ca\",\"@id\":\"https:\\\/\\\/iddocente.com\\\/#\\\/schema\\\/logo\\\/image\\\/\",\"url\":\"https:\\\/\\\/iddocente.com\\\/wp-content\\\/uploads\\\/2017\\\/01\\\/logo-colored-295x109.png\",\"contentUrl\":\"https:\\\/\\\/iddocente.com\\\/wp-content\\\/uploads\\\/2017\\\/01\\\/logo-colored-295x109.png\",\"width\":298,\"height\":110,\"caption\":\"idDOCENTE\"},\"image\":{\"@id\":\"https:\\\/\\\/iddocente.com\\\/#\\\/schema\\\/logo\\\/image\\\/\"},\"sameAs\":[\"https:\\\/\\\/www.facebook.com\\\/IDDInnovacionDesarrolloDocente\",\"https:\\\/\\\/x.com\\\/id_DOCENTE\",\"https:\\\/\\\/www.instagram.com\\\/iddocente\\\/\",\"https:\\\/\\\/www.linkedin.com\\\/company\\\/iddocente\\\/\"]}]}<\/script>\n<!-- \/ Yoast SEO plugin. -->","yoast_head_json":{"title":"Pol\u00edtica de privadesa | idDOCENTE","description":"idDOCENTE \u00e9s l'escola de formaci\u00f3 online per al desenvolupament professional dels nous docents del segle XXI","robots":{"index":"noindex","follow":"follow"},"og_locale":"ca_ES","og_type":"article","og_title":"Pol\u00edtica de privadesa | idDOCENTE","og_description":"idDOCENTE \u00e9s l'escola de formaci\u00f3 online per al desenvolupament professional dels nous docents del segle XXI","og_url":"https:\/\/iddocente.com\/ca\/politica-de-privadesa\/","og_site_name":"idDOCENTE","article_publisher":"https:\/\/www.facebook.com\/IDDInnovacionDesarrolloDocente","article_modified_time":"2025-01-22T08:25:39+00:00","twitter_card":"summary_large_image","twitter_site":"@id_DOCENTE","twitter_misc":{"Temps estimat de lectura":"5 minuts"},"schema":{"@context":"https:\/\/schema.org","@graph":[{"@type":"WebPage","@id":"https:\/\/iddocente.com\/ca\/politica-de-privadesa\/","url":"https:\/\/iddocente.com\/ca\/politica-de-privadesa\/","name":"Pol\u00edtica de privadesa | idDOCENTE","isPartOf":{"@id":"https:\/\/iddocente.com\/#website"},"datePublished":"2020-01-21T16:49:55+00:00","dateModified":"2025-01-22T08:25:39+00:00","description":"idDOCENTE \u00e9s l'escola de formaci\u00f3 online per al desenvolupament professional dels nous docents del segle XXI","breadcrumb":{"@id":"https:\/\/iddocente.com\/ca\/politica-de-privadesa\/#breadcrumb"},"inLanguage":"ca","potentialAction":[{"@type":"ReadAction","target":["https:\/\/iddocente.com\/ca\/politica-de-privadesa\/"]}]},{"@type":"BreadcrumbList","@id":"https:\/\/iddocente.com\/ca\/politica-de-privadesa\/#breadcrumb","itemListElement":[{"@type":"ListItem","position":1,"name":"Portada","item":"https:\/\/iddocente.com\/ca\/"},{"@type":"ListItem","position":2,"name":"POL\u00cdTICA DE PRIVADESA"}]},{"@type":"WebSite","@id":"https:\/\/iddocente.com\/#website","url":"https:\/\/iddocente.com\/","name":"idDOCENTE","description":"Formaci\u00f3n online para docentes y centros educativos","publisher":{"@id":"https:\/\/iddocente.com\/#organization"},"potentialAction":[{"@type":"SearchAction","target":{"@type":"EntryPoint","urlTemplate":"https:\/\/iddocente.com\/?s={search_term_string}"},"query-input":{"@type":"PropertyValueSpecification","valueRequired":true,"valueName":"search_term_string"}}],"inLanguage":"ca"},{"@type":"Organization","@id":"https:\/\/iddocente.com\/#organization","name":"idDOCENTE","url":"https:\/\/iddocente.com\/","logo":{"@type":"ImageObject","inLanguage":"ca","@id":"https:\/\/iddocente.com\/#\/schema\/logo\/image\/","url":"https:\/\/iddocente.com\/wp-content\/uploads\/2017\/01\/logo-colored-295x109.png","contentUrl":"https:\/\/iddocente.com\/wp-content\/uploads\/2017\/01\/logo-colored-295x109.png","width":298,"height":110,"caption":"idDOCENTE"},"image":{"@id":"https:\/\/iddocente.com\/#\/schema\/logo\/image\/"},"sameAs":["https:\/\/www.facebook.com\/IDDInnovacionDesarrolloDocente","https:\/\/x.com\/id_DOCENTE","https:\/\/www.instagram.com\/iddocente\/","https:\/\/www.linkedin.com\/company\/iddocente\/"]}]}},"_links":{"self":[{"href":"https:\/\/iddocente.com\/ca\/wp-json\/wp\/v2\/pages\/23340","targetHints":{"allow":["GET"]}}],"collection":[{"href":"https:\/\/iddocente.com\/ca\/wp-json\/wp\/v2\/pages"}],"about":[{"href":"https:\/\/iddocente.com\/ca\/wp-json\/wp\/v2\/types\/page"}],"author":[{"embeddable":true,"href":"https:\/\/iddocente.com\/ca\/wp-json\/wp\/v2\/users\/2"}],"replies":[{"embeddable":true,"href":"https:\/\/iddocente.com\/ca\/wp-json\/wp\/v2\/comments?post=23340"}],"version-history":[{"count":0,"href":"https:\/\/iddocente.com\/ca\/wp-json\/wp\/v2\/pages\/23340\/revisions"}],"wp:attachment":[{"href":"https:\/\/iddocente.com\/ca\/wp-json\/wp\/v2\/media?parent=23340"}],"curies":[{"name":"wp","href":"https:\/\/api.w.org\/{rel}","templated":true}]}}